{"id":4149,"date":"2026-02-20T12:58:43","date_gmt":"2026-02-20T12:58:43","guid":{"rendered":"https:\/\/haarlemcitytours.nl\/?page_id=4149"},"modified":"2026-03-16T14:01:14","modified_gmt":"2026-03-16T14:01:14","slug":"preise","status":"publish","type":"page","link":"https:\/\/haarlemcitytours.nl\/de\/preise\/","title":{"rendered":"Tarife"},"content":{"rendered":"<div class=\"bbh-intro\">\n<h2>\u2b50 Preise 2026<\/h2>\n<p>\n      \u26f5 Preise f\u00fcr 2026 auf unseren Luxus-Sloops ab <strong>7 bis 70 Personen<\/strong> Wir segeln, wenn das Wetter sch\u00f6n ist<br \/>\n      Lecker <strong>Offen<\/strong> und auch bei schlechtem Wetter komfortabel <strong>Geschlossen<\/strong>stets mit einem angenehmen<br \/>\n      <strong>Privater Skipper<\/strong>.<\/p>\n<p>      \ud83d\udedf F\u00fcr unsere luxuri\u00f6sen offenen Komfortsloops und, bei schlechtem Wetter, geschlossenen Komfortsloops.<\/p>\n<p>      <strong>Sie k\u00f6nnen uns auch direkt per E-Mail oder Telefon kontaktieren, um ein Angebot zu erhalten!<\/strong><\/p>\n<p>      \ud83d\udcde <a href=\"Tel.:+31624247484\">+31 6 24247484<\/a> &nbsp;&nbsp;|&nbsp;&nbsp;<br \/>\n      \u2709\ufe0f <a href=\"mailto:info@haarlemcitytours.nl\">info@haarlemcitytours.nl<\/a>\n    <\/p>\n<\/p><\/div>\n<section class=\"bbh-block\">\n<h3>\u26f5 Segelarrangements (inkl. Getr\u00e4nke)<\/h3>\n<table>\n<tr>\n<th>Anzahl der Stunden<\/th>\n<th>Preis pro Person<\/th>\n<\/tr>\n<tr>\n<td>1,5 Stunden<\/td>\n<td>\u20ac32,-<\/td>\n<\/tr>\n<tr class=\"popular\">\n<td>\u2b50 2 Stunden (beliebt)<\/td>\n<td>\u20ac39,-<\/td>\n<\/tr>\n<tr>\n<td>2,5 Stunden<\/td>\n<td>\u20ac46,-<\/td>\n<\/tr>\n<tr>\n<td>3 Stunden<\/td>\n<td>\u20ac53,-<\/td>\n<\/tr>\n<tr>\n<td>3,5 Stunden<\/td>\n<td>\u20ac60,-<\/td>\n<\/tr>\n<\/table>\n<\/section>\n<section class=\"bbh-block\">\n<h3>\ud83d\udc65 Kleingruppenpaket (bis zu 11 Personen)<\/h3>\n<table>\n<tr>\n<th>Beschreibung<\/th>\n<th>Preis<\/th>\n<\/tr>\n<tr>\n<td>Boot mit privatem Skipper \u2013 2 Stunden Segeln<\/td>\n<td>\u20ac275,-<\/td>\n<\/tr>\n<tr>\n<td>Unbegrenzte Getr\u00e4nke (2 Stunden) pro Person<\/td>\n<td>\u20ac16,-<\/td>\n<\/tr>\n<\/table>\n<p>Speziell f\u00fcr Gruppen unter 12 Personen auf einer unserer Luxus-Sloops mit privatem Skipper.<\/p>\n<\/section>\n<div class=\"bbh-spacer\"><\/div>\n<section class=\"bbh-block\">\n<h3>\ud83c\udf7d\ufe0f Speisen &amp; Zusatzpakete<\/h3>\n<table>\n<tr>\n<th>Anordnung<\/th>\n<th>Preis pro Person<\/th>\n<\/tr>\n<tr>\n<td>Tapas-Getr\u00e4nkeplatte<\/td>\n<td>\u20ac8,00<\/td>\n<\/tr>\n<tr>\n<td>Leckere Sandwiches<\/td>\n<td>\u20ac6,50<\/td>\n<\/tr>\n<tr>\n<td>Luxus-Sandwiches<\/td>\n<td>\u20ac8,00<\/td>\n<\/tr>\n<tr>\n<td>H\u00e4hnchen-Sat\u00e9 am Spie\u00df mit Baguette<\/td>\n<td>\u20ac7,50<\/td>\n<\/tr>\n<tr>\n<td>Mischung aus 5 herzhaften Snacks<\/td>\n<td>\u20ac8,00<\/td>\n<\/tr>\n<tr>\n<td>Kaffee\/Tee &amp; Geb\u00e4ck<\/td>\n<td>\u20ac9,50<\/td>\n<\/tr>\n<tr>\n<td>Pizzen<\/td>\n<td>\u20ac15,00<\/td>\n<\/tr>\n<tr>\n<td>High Tea<\/td>\n<td>\u20ac25,00<\/td>\n<\/tr>\n<tr>\n<td>Sushi<\/td>\n<td>\u20ac20,00<\/td>\n<\/tr>\n<tr>\n<td>2-G\u00e4nge-Men\u00fc<\/td>\n<td>\u20ac23,50<\/td>\n<\/tr>\n<tr>\n<td>Komplettes BBQ-Catering mit Privatkoch<\/td>\n<td>\u20ac35,00<\/td>\n<\/tr>\n<\/table>\n<\/section>\n<\/div>\n<style>\n.bbh-wrap{max-width:900px;margin:auto;font-family:Arial,sans-serif;}\n.bbh-intro{background:#081f33;border:1px solid #d4af37;border-radius:12px;padding:22px;margin-bottom:35px;box-shadow:0 8px 22px rgba(0,0,0,.1);}\n.bbh-intro h2{color:#d4af37;margin:0 0 10px;}\n.bbh-intro p{color:#fff;margin:0;line-height:1.55;}\n.bbh-intro a{color:#d4af37;text-decoration:none;font-weight:bold;}\n.bbh-intro a:hover{text-decoration:underline;}<\/p>\n<p>.bbh-block{margin-bottom:45px;box-shadow:0 6px 18px rgba(0,0,0,.06);border-radius:10px;overflow:hidden;}\n.bbh-block h3{background:#081f33;color:#d4af37;padding:14px 20px;margin:0;}\n.bbh-block table{width:100%;border-collapse:collapse;background:#fff;}\n.bbh-block th{background:#0b2a46;color:#d4af37;padding:12px;text-align:left;}\n.bbh-block td{padding:12px;border-bottom:1px solid #e5e5e5;}\n.bbh-block tr:nth-child(even) td{background:#f7f9fb;}<\/p>\n<p>.popular td{background:#fff6dc!important;font-weight:bold;}<\/p>\n<p>.bbh-block p{margin:14px 18px 18px;font-style:italic;color:#444;}<\/p>\n<p>.bbh-spacer{height:40px;border-top:2px solid rgba(212,175,55,.45);margin:10px 0 50px;}<\/p>\n<p>@media(max-width:600px){\n.bbh-block td,.bbh-block th{font-size:14px;padding:10px;}\n}\n<\/style>","protected":false},"excerpt":{"rendered":"<p>\u2b50 Preise 2026 \u26f5 Preise 2026 f\u00fcr unsere Luxus-Sloops f\u00fcr 7 bis 70 Personen \u2013 wir segeln komfortabel offen bei gutem Wetter und komfortabel geschlossen bei schlechtem Wetter, immer mit einem freundlichen privaten Skipper. \ud83d\udedf F\u00fcr unsere luxuri\u00f6sen Komfort-Sloops (offen und geschlossen bei schlechtem Wetter) kontaktieren Sie uns bitte direkt per E-Mail oder Telefon f\u00fcr ein Angebot.<\/p>","protected":false},"author":11,"featured_media":3892,"parent":0,"menu_order":0,"comment_status":"closed","ping_status":"closed","template":"","meta":{"_acf_changed":false,"inline_featured_image":false,"site-sidebar-layout":"default","site-content-layout":"","ast-site-content-layout":"default","site-content-style":"default","site-sidebar-style":"default","ast-global-header-display":"","ast-banner-title-visibility":"","ast-main-header-display":"","ast-hfb-above-header-display":"","ast-hfb-below-header-display":"","ast-hfb-mobile-header-display":"","site-post-title":"","ast-breadcrumbs-content":"","ast-featured-img":"","footer-sml-layout":"","ast-disable-related-posts":"","theme-transparent-header-meta":"default","adv-header-id-meta":"","stick-header-meta":"","header-above-stick-meta":"","header-main-stick-meta":"","header-below-stick-meta":"","astra-migrate-meta-layouts":"set","ast-page-background-enabled":"default","ast-page-background-meta":{"desktop":{"background-color":"var(--ast-global-color-4)","background-image":"","background-repeat":"repeat","background-position":"center center","background-size":"auto","background-attachment":"scroll","background-type":"","background-media":"","overlay-type":"","overlay-color":"","overlay-opacity":"","overlay-gradient":""},"tablet":{"background-color":"","background-image":"","background-repeat":"repeat","background-position":"center center","background-size":"auto","background-attachment":"scroll","background-type":"","background-media":"","overlay-type":"","overlay-color":"","overlay-opacity":"","overlay-gradient":""},"mobile":{"background-color":"","background-image":"","background-repeat":"repeat","background-position":"center center","background-size":"auto","background-attachment":"scroll","background-type":"","background-media":"","overlay-type":"","overlay-color":"","overlay-opacity":"","overlay-gradient":""}},"ast-content-background-meta":{"desktop":{"background-color":"var(--ast-global-color-5)","background-image":"","background-repeat":"repeat","background-position":"center center","background-size":"auto","background-attachment":"scroll","background-type":"","background-media":"","overlay-type":"","overlay-color":"","overlay-opacity":"","overlay-gradient":""},"tablet":{"background-color":"var(--ast-global-color-5)","background-image":"","background-repeat":"repeat","background-position":"center center","background-size":"auto","background-attachment":"scroll","background-type":"","background-media":"","overlay-type":"","overlay-color":"","overlay-opacity":"","overlay-gradient":""},"mobile":{"background-color":"var(--ast-global-color-5)","background-image":"","background-repeat":"repeat","background-position":"center center","background-size":"auto","background-attachment":"scroll","background-type":"","background-media":"","overlay-type":"","overlay-color":"","overlay-opacity":"","overlay-gradient":""}},"footnotes":""},"class_list":["post-4149","page","type-page","status-publish","has-post-thumbnail","hentry"],"acf":[],"_links":{"self":[{"href":"https:\/\/haarlemcitytours.nl\/de\/wp-json\/wp\/v2\/pages\/4149","targetHints":{"allow":["GET"]}}],"collection":[{"href":"https:\/\/haarlemcitytours.nl\/de\/wp-json\/wp\/v2\/pages"}],"about":[{"href":"https:\/\/haarlemcitytours.nl\/de\/wp-json\/wp\/v2\/types\/page"}],"author":[{"embeddable":true,"href":"https:\/\/haarlemcitytours.nl\/de\/wp-json\/wp\/v2\/users\/11"}],"replies":[{"embeddable":true,"href":"https:\/\/haarlemcitytours.nl\/de\/wp-json\/wp\/v2\/comments?post=4149"}],"version-history":[{"count":16,"href":"https:\/\/haarlemcitytours.nl\/de\/wp-json\/wp\/v2\/pages\/4149\/revisions"}],"predecessor-version":[{"id":4216,"href":"https:\/\/haarlemcitytours.nl\/de\/wp-json\/wp\/v2\/pages\/4149\/revisions\/4216"}],"wp:featuredmedia":[{"embeddable":true,"href":"https:\/\/haarlemcitytours.nl\/de\/wp-json\/wp\/v2\/media\/3892"}],"wp:attachment":[{"href":"https:\/\/haarlemcitytours.nl\/de\/wp-json\/wp\/v2\/media?parent=4149"}],"curies":[{"name":"wp","href":"https:\/\/api.w.org\/{rel}","templated":true}]}}