{"id":4080,"date":"2025-11-13T06:26:00","date_gmt":"2025-11-13T06:26:00","guid":{"rendered":"https:\/\/haarlemcitytours.nl\/?page_id=4080"},"modified":"2025-11-13T06:26:00","modified_gmt":"2025-11-13T06:26:00","slug":"reservierungsbestatigung","status":"publish","type":"page","link":"https:\/\/haarlemcitytours.nl\/de\/reservierungsbestatigung\/","title":{"rendered":"Reservierungsbest\u00e4tigung"},"content":{"rendered":"<div id=\"reservation-status\"><\/div>\r\n\r\n    <script type=\"text\/javascript\">\r\n        document.addEventListener(\"DOMContentLoaded\", function () {\r\n            \/\/ Cookie'den rezervasyon g\u00f6r\u00fcnt\u00fcleme token'\u0131n\u0131 al\r\n            var reservationToken = getCookie('reservation_view_token');\r\n            if (!reservationToken) {\r\n                document.getElementById('reservation-status').innerHTML = \"We konden uw recente reservering niet vinden. Voer uw e-mailadres in het onderstaande formulier in om naar uw reservering te zoeken.\";\r\n                return;\r\n            }\r\n\r\n            \/\/ Rezervasyon durumu API'den kontrol et\r\n            var xhr = new XMLHttpRequest();\r\n            xhr.open('POST', 'https:\/\/haarlemcitytours.nl\/wp-admin\/admin-ajax.php', true);\r\n            xhr.setRequestHeader('Content-Type', 'application\/x-www-form-urlencoded');\r\n\r\n            xhr.onreadystatechange = function () {\r\n                if (xhr.readyState === 4 && xhr.status === 200) {\r\n                    document.cookie = \"reservation_view_token=; expires=Thu, 01 Jan 1970 00:00:00 UTC; path=\/;\";\r\n                    document.getElementById('reservation-status').innerHTML = xhr.responseText;\r\n                }\r\n            };\r\n\r\n            xhr.send('action=check_reservation_status&reservation_token=' + encodeURIComponent(reservationToken));\r\n        });\r\n\r\n        \/\/ Cookie'den de\u011fer alma fonksiyonu\r\n        function getCookie(name) {\r\n            var value = \"; \" + document.cookie;\r\n            var parts = value.split(\"; \" + name + \"=\");\r\n            if (parts.length === 2) return parts.pop().split(\";\").shift();\r\n        }\r\n    <\/script>","protected":false},"excerpt":{"rendered":"","protected":false},"author":1,"featured_media":0,"parent":0,"menu_order":0,"comment_status":"closed","ping_status":"closed","template":"","meta":{"_acf_changed":false,"inline_featured_image":false,"site-sidebar-layout":"default","site-content-layout":"","ast-site-content-layout":"default","site-content-style":"default","site-sidebar-style":"default","ast-global-header-display":"","ast-banner-title-visibility":"","ast-main-header-display":"","ast-hfb-above-header-display":"","ast-hfb-below-header-display":"","ast-hfb-mobile-header-display":"","site-post-title":"","ast-breadcrumbs-content":"","ast-featured-img":"","footer-sml-layout":"","ast-disable-related-posts":"","theme-transparent-header-meta":"default","adv-header-id-meta":"","stick-header-meta":"","header-above-stick-meta":"","header-main-stick-meta":"","header-below-stick-meta":"","astra-migrate-meta-layouts":"set","ast-page-background-enabled":"default","ast-page-background-meta":{"desktop":{"background-color":"var(--ast-global-color-4)","background-image":"","background-repeat":"repeat","background-position":"center center","background-size":"auto","background-attachment":"scroll","background-type":"","background-media":"","overlay-type":"","overlay-color":"","overlay-opacity":"","overlay-gradient":""},"tablet":{"background-color":"","background-image":"","background-repeat":"repeat","background-position":"center center","background-size":"auto","background-attachment":"scroll","background-type":"","background-media":"","overlay-type":"","overlay-color":"","overlay-opacity":"","overlay-gradient":""},"mobile":{"background-color":"","background-image":"","background-repeat":"repeat","background-position":"center center","background-size":"auto","background-attachment":"scroll","background-type":"","background-media":"","overlay-type":"","overlay-color":"","overlay-opacity":"","overlay-gradient":""}},"ast-content-background-meta":{"desktop":{"background-color":"var(--ast-global-color-5)","background-image":"","background-repeat":"repeat","background-position":"center center","background-size":"auto","background-attachment":"scroll","background-type":"","background-media":"","overlay-type":"","overlay-color":"","overlay-opacity":"","overlay-gradient":""},"tablet":{"background-color":"var(--ast-global-color-5)","background-image":"","background-repeat":"repeat","background-position":"center center","background-size":"auto","background-attachment":"scroll","background-type":"","background-media":"","overlay-type":"","overlay-color":"","overlay-opacity":"","overlay-gradient":""},"mobile":{"background-color":"var(--ast-global-color-5)","background-image":"","background-repeat":"repeat","background-position":"center center","background-size":"auto","background-attachment":"scroll","background-type":"","background-media":"","overlay-type":"","overlay-color":"","overlay-opacity":"","overlay-gradient":""}},"footnotes":""},"class_list":["post-4080","page","type-page","status-publish","hentry"],"acf":[],"_links":{"self":[{"href":"https:\/\/haarlemcitytours.nl\/de\/wp-json\/wp\/v2\/pages\/4080","targetHints":{"allow":["GET"]}}],"collection":[{"href":"https:\/\/haarlemcitytours.nl\/de\/wp-json\/wp\/v2\/pages"}],"about":[{"href":"https:\/\/haarlemcitytours.nl\/de\/wp-json\/wp\/v2\/types\/page"}],"author":[{"embeddable":true,"href":"https:\/\/haarlemcitytours.nl\/de\/wp-json\/wp\/v2\/users\/1"}],"replies":[{"embeddable":true,"href":"https:\/\/haarlemcitytours.nl\/de\/wp-json\/wp\/v2\/comments?post=4080"}],"version-history":[{"count":1,"href":"https:\/\/haarlemcitytours.nl\/de\/wp-json\/wp\/v2\/pages\/4080\/revisions"}],"predecessor-version":[{"id":4081,"href":"https:\/\/haarlemcitytours.nl\/de\/wp-json\/wp\/v2\/pages\/4080\/revisions\/4081"}],"wp:attachment":[{"href":"https:\/\/haarlemcitytours.nl\/de\/wp-json\/wp\/v2\/media?parent=4080"}],"curies":[{"name":"wp","href":"https:\/\/api.w.org\/{rel}","templated":true}]}}