{"id":3346,"date":"2025-05-08T06:48:24","date_gmt":"2025-05-08T06:48:24","guid":{"rendered":"https:\/\/haarlemcitytours.nl\/?page_id=3346"},"modified":"2025-05-08T06:50:04","modified_gmt":"2025-05-08T06:50:04","slug":"haarlem-city-tours-restaurant-de-kolk-eine-kulinarische-bootsfahrt-durch-haarlem-und-spaarndam","status":"publish","type":"page","link":"https:\/\/haarlemcitytours.nl\/de\/haarlem-city-tours-restaurant-de-kolk-eine-kulinarische-bootsfahrt-durch-haarlem-und-spaarndam\/","title":{"rendered":"Haarlem City Tours &amp; Restaurant De Kolk: Eine kulinarische Kreuzfahrt durch Haarlem und Spaarndam"},"content":{"rendered":"<div data-elementor-type=\"wp-page\" data-elementor-id=\"3346\" class=\"elementor elementor-3346\" data-elementor-post-type=\"page\">\n\t\t\t\t<div class=\"elementor-element elementor-element-a8a160b e-flex e-con-boxed e-con e-parent\" data-id=\"a8a160b\" data-element_type=\"container\" data-settings=\"{&quot;background_background&quot;:&quot;classic&quot;}\">\n\t\t\t\t\t<div class=\"e-con-inner\">\n\t\t\t\t<div class=\"elementor-element elementor-element-ed69936 elementor-widget__width-initial elementor-widget elementor-widget-heading\" data-id=\"ed69936\" data-element_type=\"widget\" data-widget_type=\"heading.default\">\n\t\t\t\t<div class=\"elementor-widget-container\">\n\t\t\t\t\t<h1 class=\"elementor-heading-title elementor-size-default\">Haarlem City Tours &amp; Restaurant De Kolk: Eine kulinarische Kreuzfahrt durch Haarlem und Spaarndam<\/h1>\t\t\t\t<\/div>\n\t\t\t\t<\/div>\n\t\t\t\t<div class=\"elementor-element elementor-element-af106a8 elementor-widget__width-initial elementor-widget elementor-widget-text-editor\" data-id=\"af106a8\" data-element_type=\"widget\" data-widget_type=\"text-editor.default\">\n\t\t\t\t<div class=\"elementor-widget-container\">\n\t\t\t\t\t\t\t\t\t<p>Seit 2019 arbeiten Haarlem City Tours und das Restaurant De Kolk zusammen, um ein einzigartiges und geschmackvolles Erlebnis auf dem Wasser anzubieten. W\u00e4hrend das Boot ruhig durch die Kan\u00e4le von Haarlem und das wasserreiche Gebiet von Spaarndam f\u00e4hrt, k\u00f6nnen Sie sich entspannen und gek\u00fchlte Getr\u00e4nke und raffinierte Snacks genie\u00dfen. Diese Zusammenarbeit vereint das Beste aus beiden Welten: eine stimmungsvolle Bootsfahrt und ein kulinarisches Erlebnis, das alle Sinne anregt.<\/p>\t\t\t\t\t\t\t\t<\/div>\n\t\t\t\t<\/div>\n\t\t\t\t\t<\/div>\n\t\t\t\t<\/div>\n\t\t<div class=\"elementor-element elementor-element-879cec5 e-flex e-con-boxed e-con e-parent\" data-id=\"879cec5\" data-element_type=\"container\">\n\t\t\t\t\t<div class=\"e-con-inner\">\n\t\t<div class=\"elementor-element elementor-element-669de95 e-con-full e-flex e-con e-child\" data-id=\"669de95\" data-element_type=\"container\">\n\t\t\t\t<div class=\"elementor-element elementor-element-147bd01 elementor-widget elementor-widget-text-editor\" data-id=\"147bd01\" data-element_type=\"widget\" data-widget_type=\"text-editor.default\">\n\t\t\t\t<div class=\"elementor-widget-container\">\n\t\t\t\t\t\t\t\t\t<h2><img decoding=\"async\" class=\"size-medium wp-image-3310 alignleft\" src=\"https:\/\/haarlemcitytours.nl\/wp-content\/uploads\/2025\/05\/logo-zwart-bruin-horizontaal-no-shade-120px-300x94.png\" alt=\"\" width=\"300\" height=\"94\" title=\"\" srcset=\"https:\/\/haarlemcitytours.nl\/wp-content\/uploads\/2025\/05\/logo-zwart-bruin-horizontaal-no-shade-120px-300x94.png 300w, https:\/\/haarlemcitytours.nl\/wp-content\/uploads\/2025\/05\/logo-zwart-bruin-horizontaal-no-shade-120px-18x6.png 18w, https:\/\/haarlemcitytours.nl\/wp-content\/uploads\/2025\/05\/logo-zwart-bruin-horizontaal-no-shade-120px.png 382w\" sizes=\"(max-width: 300px) 100vw, 300px\" \/>Genie\u00dfen Sie k\u00f6stliche Snacks w\u00e4hrend einer entspannten Bootsfahrt<\/h2><p>W\u00e4hrend der Kreuzfahrt bietet das Restaurant De Kolk eine umfangreiche Auswahl an luxuri\u00f6sen Snacks, sorgf\u00e4ltig zubereitet und perfekt zur entspannten Atmosph\u00e4re an Bord passend. Die Tapasplatte ist ein Festmahl f\u00fcr sich, mit frisch zubereiteten Canap\u00e9s, wie traditionell ger\u00e4uchertem Aal aus Spaarndam, feinem italienischen Schinken, einer Auswahl k\u00f6stlicher K\u00e4sesorten und raffinierten Snacks mit Fisch, Fleisch und vegetarischen Optionen. Das frisch gebackene Sauerteigbrot mit cremiger Aioli und gesalzener Butter ist eine perfekte Erg\u00e4nzung zu den Getr\u00e4nken.<\/p><p>F\u00fcr Liebhaber raffinierter Aromen gibt es Rindercarpaccio-R\u00f6llchen mit Spaarnwoude-K\u00e4se und Tr\u00fcffelmayonnaise. F\u00fcr einen \u00fcberraschenden Biss sorgen hei\u00dfe Snacks wie knusprige H\u00e4hnchen-K\u00e4se-Jalape\u00f1o-Nuggets. Zus\u00e4tzlich gibt es marinierte Knoblaucholiven und eine Auswahl franz\u00f6sischer K\u00e4sesorten, um das Essen abzurunden. Der frisch ger\u00e4ucherte Lachs mit knusprigem Papadam ist ein wahrer Genuss f\u00fcr Liebhaber unverf\u00e4lschter Aromen. Wer ein ausgiebiges Mittagessen oder ein komplettes Abendessen bevorzugt, kann auf ein ma\u00dfgeschneidertes Men\u00fc z\u00e4hlen, das all seine W\u00fcnsche erf\u00fcllt.<\/p><h2>Ein unvergessliches Erlebnis<\/h2><p>Haarlem City Tours und Restaurant De Kolk bieten gemeinsam ein Erlebnis, bei dem Entspannung und kulinarischer Genuss Hand in Hand gehen. Ob gem\u00fctlicher Drink mit Freunden, Gesch\u00e4ftstreffen oder romantischer Abend auf dem Wasser, f\u00fcr alles ist bis ins kleinste Detail gesorgt. Mit einem Glas gek\u00fchlten Weins in der Hand, einem Tisch voller k\u00f6stlicher Snacks und einer wundersch\u00f6nen Aussicht auf die historischen Wasserstra\u00dfen von Haarlem und Spaarndam wird jede Bootsfahrt zu einer besonderen Erinnerung.<\/p><h2>\u00dcber Restaurant De Kolk<\/h2><p>Das Restaurant De Kolk liegt direkt an der ehemaligen Schleuse und bietet Aussicht auf den charmanten alten Jachthafen von Spaarndam. Das Geb\u00e4ude hat eine reiche Geschichte. Die Familie Baelde verkaufte hier seit 1919 Lebensmittel, bis der Laden 1967 f\u00fcr die Gastronomie genutzt wurde. Adri Oud er\u00f6ffnete dort eine Snackbar, die bis zum 1. Oktober 1980 in Betrieb war. Anschlie\u00dfend erlebte das Gesch\u00e4ft eine Metamorphose und wurde in ein vollwertiges Restaurant unter dem Namen \u2019t Stille Water umgewandelt.<\/p><p>Im April 2016 er\u00f6ffneten Patrick und Daisy Holla hier das renovierte Restaurant De Kolk. Der Name war schnell gew\u00e4hlt und bezog sich auf die einzigartige Lage auf \u201ede Kolk\u201c am Ostkolk. Seit 2009 ist das Wasser vor der T\u00fcr wieder in Bewegung, denn regelm\u00e4\u00dfig fahren Boote durch die Schleuse und sorgen so f\u00fcr einen lebendigen und stimmungsvollen Anblick.<\/p><p>G\u00e4ste sind herzlich eingeladen, die warme Atmosph\u00e4re im Inneren zu genie\u00dfen oder auf der sch\u00f6nen Terrasse an der alten Schleuse Platz zu nehmen, wo die Geschichte von Spaarndam mit Gastfreundschaft und kulinarischem Genuss zusammenkommt.<\/p><h2>\u00dcber die Lage des Kolks und seine Geschichte<\/h2><p>Im malerischen Dorf Spaarndam am Ufer der Spaarne liegt eine historische St\u00e4tte, die die Zeit \u00fcberdauert hat: die Kolksluis. Diese 1285 erbaute Schleuse gilt als die \u00e4lteste noch funktionierende Schleuse Europas.\u00a0<\/p><p>Ende des 13. Jahrhunderts ordnete Graf Floris V. von Holland den Bau eines Staudamms an der M\u00fcndung der Spaarne in das IJ an. Dieser Damm sollte das umliegende Land und die Stadt Haarlem vor Hochwasser und eindringendem Salzwasser sch\u00fctzen. Beim Bau dieses Staudamms wurde ein Rad verwendet, ein kleiner See, der durch einen fr\u00fcheren Deichbruch entstanden war. Dieses Rad ist das aktuelle Schloss.\u00a0<\/p><p>Um die Schifffahrt zwischen der Spaarne und dem IJ zu erm\u00f6glichen, wurde 1253 im Spaarndammerdijk eine Schleuse gebaut. Diese Schleuse erm\u00f6glichte es Schiffen, den Deich unabh\u00e4ngig von der Flut zu passieren, was den Handel und die Wirtschaft in der Region f\u00f6rderte.\u00a0<\/p><p>Im Laufe der Jahrhunderte hat die Kolksluis viel erlebt. Die Holzschleusen auf beiden Seiten der Schleuse wurden regelm\u00e4\u00dfig von \u00dcberschwemmungen und Br\u00e4nden heimgesucht, was wiederholte Reparaturen und Wiederaufbauten erforderlich machte. Im Laufe der Zeit wurden die Kaimauern etwa alle 200 Jahre ersetzt und die Schleusentore alle 50 Jahre erneuert.\u00a0<\/p><p>Heutzutage ist die Kolksluis ein beliebter Ort f\u00fcr Einheimische und Besucher. Die Umgebung mit ihrem malerischen Hafen und den historischen Geb\u00e4uden atmet die Atmosph\u00e4re vergangener Zeiten. Die Schleuse selbst ist noch immer in Betrieb und dient als lebendiges Denkmal der reichen Wasserbaugeschichte der Niederlande.<\/p><p>Die Kolksluis erz\u00e4hlt die Geschichte eines Dorfes, das dank ausgekl\u00fcgelter Wasserwerke und der Widerstandsf\u00e4higkeit seiner Bewohner jahrhundertelang den Kr\u00e4ften des Wassers standgehalten hat.<\/p>\t\t\t\t\t\t\t\t<\/div>\n\t\t\t\t<\/div>\n\t\t\t\t<div class=\"elementor-element elementor-element-dcc59f1 elementor-widget elementor-widget-html\" data-id=\"dcc59f1\" data-element_type=\"widget\" data-widget_type=\"html.default\">\n\t\t\t\t<div class=\"elementor-widget-container\">\n\t\t\t\t\t<style>\n\nh2{\n    margin:20px 0px 0px 0px;\n}\n\n<\/style>\t\t\t\t<\/div>\n\t\t\t\t<\/div>\n\t\t\t\t<\/div>\n\t\t\t\t\t<\/div>\n\t\t\t\t<\/div>\n\t\t\t\t<\/div>","protected":false},"excerpt":{"rendered":"<p>Haarlem City Tours &amp; Restaurant De Kolk: Eine kulinarische Bootstour durch Haarlem und Spaarndam. Seit 2019 arbeiten Haarlem City Tours und Restaurant De Kolk zusammen, um ein einzigartiges und geschmackvolles Erlebnis auf dem Wasser anzubieten. W\u00e4hrend das Boot ruhig durch die Kan\u00e4le von Haarlem und das wasserreiche Gebiet von Spaarndam f\u00e4hrt, k\u00f6nnen Sie sich entspannen [\u2026]<\/p>","protected":false},"author":1,"featured_media":0,"parent":0,"menu_order":0,"comment_status":"closed","ping_status":"closed","template":"","meta":{"_acf_changed":false,"inline_featured_image":false,"site-sidebar-layout":"no-sidebar","site-content-layout":"page-builder","ast-site-content-layout":"full-width-container","site-content-style":"default","site-sidebar-style":"default","ast-global-header-display":"","ast-banner-title-visibility":"","ast-main-header-display":"","ast-hfb-above-header-display":"","ast-hfb-below-header-display":"","ast-hfb-mobile-header-display":"","site-post-title":"disabled","ast-breadcrumbs-content":"","ast-featured-img":"disabled","footer-sml-layout":"","ast-disable-related-posts":"","theme-transparent-header-meta":"default","adv-header-id-meta":"","stick-header-meta":"","header-above-stick-meta":"","header-main-stick-meta":"","header-below-stick-meta":"","astra-migrate-meta-layouts":"set","ast-page-background-enabled":"default","ast-page-background-meta":{"desktop":{"background-color":"var(--ast-global-color-4)","background-image":"","background-repeat":"repeat","background-position":"center center","background-size":"auto","background-attachment":"scroll","background-type":"","background-media":"","overlay-type":"","overlay-color":"","overlay-opacity":"","overlay-gradient":""},"tablet":{"background-color":"","background-image":"","background-repeat":"repeat","background-position":"center center","background-size":"auto","background-attachment":"scroll","background-type":"","background-media":"","overlay-type":"","overlay-color":"","overlay-opacity":"","overlay-gradient":""},"mobile":{"background-color":"","background-image":"","background-repeat":"repeat","background-position":"center center","background-size":"auto","background-attachment":"scroll","background-type":"","background-media":"","overlay-type":"","overlay-color":"","overlay-opacity":"","overlay-gradient":""}},"ast-content-background-meta":{"desktop":{"background-color":"var(--ast-global-color-5)","background-image":"","background-repeat":"repeat","background-position":"center center","background-size":"auto","background-attachment":"scroll","background-type":"","background-media":"","overlay-type":"","overlay-color":"","overlay-opacity":"","overlay-gradient":""},"tablet":{"background-color":"var(--ast-global-color-5)","background-image":"","background-repeat":"repeat","background-position":"center center","background-size":"auto","background-attachment":"scroll","background-type":"","background-media":"","overlay-type":"","overlay-color":"","overlay-opacity":"","overlay-gradient":""},"mobile":{"background-color":"var(--ast-global-color-5)","background-image":"","background-repeat":"repeat","background-position":"center center","background-size":"auto","background-attachment":"scroll","background-type":"","background-media":"","overlay-type":"","overlay-color":"","overlay-opacity":"","overlay-gradient":""}},"footnotes":""},"class_list":["post-3346","page","type-page","status-publish","hentry"],"acf":[],"_links":{"self":[{"href":"https:\/\/haarlemcitytours.nl\/de\/wp-json\/wp\/v2\/pages\/3346","targetHints":{"allow":["GET"]}}],"collection":[{"href":"https:\/\/haarlemcitytours.nl\/de\/wp-json\/wp\/v2\/pages"}],"about":[{"href":"https:\/\/haarlemcitytours.nl\/de\/wp-json\/wp\/v2\/types\/page"}],"author":[{"embeddable":true,"href":"https:\/\/haarlemcitytours.nl\/de\/wp-json\/wp\/v2\/users\/1"}],"replies":[{"embeddable":true,"href":"https:\/\/haarlemcitytours.nl\/de\/wp-json\/wp\/v2\/comments?post=3346"}],"version-history":[{"count":6,"href":"https:\/\/haarlemcitytours.nl\/de\/wp-json\/wp\/v2\/pages\/3346\/revisions"}],"predecessor-version":[{"id":3369,"href":"https:\/\/haarlemcitytours.nl\/de\/wp-json\/wp\/v2\/pages\/3346\/revisions\/3369"}],"wp:attachment":[{"href":"https:\/\/haarlemcitytours.nl\/de\/wp-json\/wp\/v2\/media?parent=3346"}],"curies":[{"name":"wp","href":"https:\/\/api.w.org\/{rel}","templated":true}]}}