{"id":3336,"date":"2025-05-08T06:45:45","date_gmt":"2025-05-08T06:45:45","guid":{"rendered":"https:\/\/haarlemcitytours.nl\/?page_id=3336"},"modified":"2025-05-08T07:03:34","modified_gmt":"2025-05-08T07:03:34","slug":"die-perfekte-zusammenarbeit-zwischen-haarlem-city-tours-und-sakura-haarlem","status":"publish","type":"page","link":"https:\/\/haarlemcitytours.nl\/de\/die-perfekte-zusammenarbeit-zwischen-haarlem-city-tours-und-sakura-haarlem\/","title":{"rendered":"Die perfekte Zusammenarbeit zwischen Haarlem City Tours und Sakura Haarlem"},"content":{"rendered":"<div data-elementor-type=\"wp-page\" data-elementor-id=\"3336\" class=\"elementor elementor-3336\" data-elementor-post-type=\"page\">\n\t\t\t\t<div class=\"elementor-element elementor-element-a8a160b e-flex e-con-boxed e-con e-parent\" data-id=\"a8a160b\" data-element_type=\"container\" data-settings=\"{&quot;background_background&quot;:&quot;classic&quot;}\">\n\t\t\t\t\t<div class=\"e-con-inner\">\n\t\t\t\t<div class=\"elementor-element elementor-element-ed69936 elementor-widget__width-initial elementor-widget elementor-widget-heading\" data-id=\"ed69936\" data-element_type=\"widget\" data-widget_type=\"heading.default\">\n\t\t\t\t<div class=\"elementor-widget-container\">\n\t\t\t\t\t<h1 class=\"elementor-heading-title elementor-size-default\">Die perfekte Zusammenarbeit zwischen Haarlem City Tours und Sakura Haarlem<\/h1>\t\t\t\t<\/div>\n\t\t\t\t<\/div>\n\t\t\t\t<div class=\"elementor-element elementor-element-af106a8 elementor-widget__width-initial elementor-widget elementor-widget-text-editor\" data-id=\"af106a8\" data-element_type=\"widget\" data-widget_type=\"text-editor.default\">\n\t\t\t\t<div class=\"elementor-widget-container\">\n\t\t\t\t\t\t\t\t\t<p>Haarlem City Tours und Sakura Haarlem haben sich zusammengetan, um ein einzigartiges kulinarisches Erlebnis anzubieten: die *Sushi Cruise*! Diese exklusive Kreuzfahrt kombiniert das Beste der Haarlemer Kan\u00e4le mit den k\u00f6stlichen Aromen von frischem Sushi, zubereitet von den Experten im Sakura Haarlem. Kommen Sie an Bord, entspannen Sie sich und genie\u00dfen Sie die sch\u00f6nste Stadt der Niederlande, w\u00e4hrend Sie sich mit den raffinierten Aromen des besten Sushi verw\u00f6hnen lassen.<\/p>\t\t\t\t\t\t\t\t<\/div>\n\t\t\t\t<\/div>\n\t\t\t\t\t<\/div>\n\t\t\t\t<\/div>\n\t\t<div class=\"elementor-element elementor-element-879cec5 e-flex e-con-boxed e-con e-parent\" data-id=\"879cec5\" data-element_type=\"container\">\n\t\t\t\t\t<div class=\"e-con-inner\">\n\t\t<div class=\"elementor-element elementor-element-669de95 e-con-full e-flex e-con e-child\" data-id=\"669de95\" data-element_type=\"container\">\n\t\t\t\t<div class=\"elementor-element elementor-element-147bd01 elementor-widget elementor-widget-text-editor\" data-id=\"147bd01\" data-element_type=\"widget\" data-widget_type=\"text-editor.default\">\n\t\t\t\t<div class=\"elementor-widget-container\">\n\t\t\t\t\t\t\t\t\t<h2><img decoding=\"async\" class=\"size-medium wp-image-3312 alignleft\" src=\"https:\/\/haarlemcitytours.nl\/wp-content\/uploads\/2025\/05\/sakura-300x160.png\" alt=\"\" width=\"300\" height=\"160\" title=\"\" srcset=\"https:\/\/haarlemcitytours.nl\/wp-content\/uploads\/2025\/05\/sakura-300x160.png 300w, https:\/\/haarlemcitytours.nl\/wp-content\/uploads\/2025\/05\/sakura-1024x545.png 1024w, https:\/\/haarlemcitytours.nl\/wp-content\/uploads\/2025\/05\/sakura-768x409.png 768w, https:\/\/haarlemcitytours.nl\/wp-content\/uploads\/2025\/05\/sakura-18x10.png 18w, https:\/\/haarlemcitytours.nl\/wp-content\/uploads\/2025\/05\/sakura.png 1172w\" sizes=\"(max-width: 300px) 100vw, 300px\" \/>Wer ist Sakura Haarlem?<\/h2><p>Sakura Haarlem ist der Ort, an dem authentische japanische Aromen in einem modernen, gem\u00fctlichen Ambiente zusammenkommen. Mit einer Leidenschaft f\u00fcr frische Zutaten und feinstes Sushi bringt das Team von Sakura Haarlem die reiche japanische Esskultur in die Stadt. Ob klassisches Sushi, innovative Rollen oder eine umfangreiche Speisekarte mit verschiedenen japanischen Gerichten, Sakura Haarlem bietet f\u00fcr jeden etwas. Die Liebe zu Geschmack, Qualit\u00e4t und Gastfreundschaft spiegelt sich in jedem Gericht wider und dieselbe Leidenschaft wird w\u00e4hrend der Sushi-Kreuzfahrt geteilt.<\/p><h2>Die Sushi-Kreuzfahrt: Entdecken Sie Haarlem mit einer leckeren Note<\/h2><p>Die Sushi-Kreuzfahrt bietet eine einzigartige M\u00f6glichkeit, Haarlem zu entdecken und dabei k\u00f6stliches Sushi und eine atemberaubende Aussicht auf die Stadt zu genie\u00dfen. W\u00e4hrend Sie durch die malerischen Kan\u00e4le von Haarlem fahren, kommen Sie an historischen Geb\u00e4uden und charmanten Br\u00fccken vorbei und genie\u00dfen die bezaubernde Atmosph\u00e4re der Stadt. Und das Beste von allem? Sie k\u00f6nnen die Reise unternehmen und dabei eine Auswahl des raffiniertesten Sushi genie\u00dfen, das vom Team von Sakura Haarlem sorgf\u00e4ltig zubereitet wird.<\/p><p>Egal, ob Sie ein Sushi-Liebhaber sind oder einfach nur nach einer neuen M\u00f6glichkeit suchen, die Stadt zu erkunden, die Sushi-Kreuzfahrt bietet f\u00fcr jeden etwas. Die Zusammenarbeit zwischen Haarlem City Tours und Sakura Haarlem sorgt f\u00fcr eine perfekte Balance zwischen der Sch\u00f6nheit der Stadt und den raffinierten Aromen Japans.<\/p><h2>Buchen Sie Ihre Sushi-Kreuzfahrt<\/h2><p>M\u00f6chten Sie Haarlem entdecken und dabei k\u00f6stliches Sushi und ein Glas frischen Sake genie\u00dfen? Buchen Sie jetzt Ihren Platz auf der Sushi Cruise und erleben Sie die Stadt auf geschmackvolle Weise. Egal, ob Sie einen besonderen Anlass feiern oder einfach nur einen einzigartigen Ausflug machen m\u00f6chten, die Sushi Cruise bietet Ihnen ein unvergessliches Erlebnis.<\/p><p><a href=\"https:\/\/haarlemcitytours.nl\/tour\/sushi-cruise\/\">Haarlem City Tours und Sakura Haarlem<\/a> begr\u00fc\u00dfen Sie an Bord zu einem kulinarischen Abenteuer entlang der Kan\u00e4le von Haarlem. Verpassen Sie diese einmalige Gelegenheit nicht und buchen Sie jetzt Ihre Sushi-Kreuzfahrt!<\/p>\t\t\t\t\t\t\t\t<\/div>\n\t\t\t\t<\/div>\n\t\t\t\t<div class=\"elementor-element elementor-element-dcc59f1 elementor-widget elementor-widget-html\" data-id=\"dcc59f1\" data-element_type=\"widget\" data-widget_type=\"html.default\">\n\t\t\t\t<div class=\"elementor-widget-container\">\n\t\t\t\t\t<style>\n\nh2{\n    margin:20px 0px 0px 0px;\n}\n\n<\/style>\t\t\t\t<\/div>\n\t\t\t\t<\/div>\n\t\t\t\t<\/div>\n\t\t\t\t\t<\/div>\n\t\t\t\t<\/div>\n\t\t\t\t<\/div>","protected":false},"excerpt":{"rendered":"<p>Die perfekte Zusammenarbeit zwischen Haarlem City Tours und Sakura Haarlem Haarlem City Tours und Sakura Haarlem haben sich zusammengeschlossen, um ein einzigartiges kulinarisches Erlebnis anzubieten: die *Sushi Cruise*! Diese exklusive Kreuzfahrt kombiniert das Beste der Haarlemer Kan\u00e4le mit den k\u00f6stlichen Aromen von frischem Sushi, zubereitet von den Experten im Sakura Haarlem. Treten Sie auf [\u2026]<\/p>","protected":false},"author":1,"featured_media":0,"parent":0,"menu_order":0,"comment_status":"closed","ping_status":"closed","template":"","meta":{"_acf_changed":false,"inline_featured_image":false,"site-sidebar-layout":"no-sidebar","site-content-layout":"page-builder","ast-site-content-layout":"full-width-container","site-content-style":"default","site-sidebar-style":"default","ast-global-header-display":"","ast-banner-title-visibility":"","ast-main-header-display":"","ast-hfb-above-header-display":"","ast-hfb-below-header-display":"","ast-hfb-mobile-header-display":"","site-post-title":"disabled","ast-breadcrumbs-content":"","ast-featured-img":"disabled","footer-sml-layout":"","ast-disable-related-posts":"","theme-transparent-header-meta":"default","adv-header-id-meta":"","stick-header-meta":"","header-above-stick-meta":"","header-main-stick-meta":"","header-below-stick-meta":"","astra-migrate-meta-layouts":"set","ast-page-background-enabled":"default","ast-page-background-meta":{"desktop":{"background-color":"var(--ast-global-color-4)","background-image":"","background-repeat":"repeat","background-position":"center center","background-size":"auto","background-attachment":"scroll","background-type":"","background-media":"","overlay-type":"","overlay-color":"","overlay-opacity":"","overlay-gradient":""},"tablet":{"background-color":"","background-image":"","background-repeat":"repeat","background-position":"center center","background-size":"auto","background-attachment":"scroll","background-type":"","background-media":"","overlay-type":"","overlay-color":"","overlay-opacity":"","overlay-gradient":""},"mobile":{"background-color":"","background-image":"","background-repeat":"repeat","background-position":"center center","background-size":"auto","background-attachment":"scroll","background-type":"","background-media":"","overlay-type":"","overlay-color":"","overlay-opacity":"","overlay-gradient":""}},"ast-content-background-meta":{"desktop":{"background-color":"var(--ast-global-color-5)","background-image":"","background-repeat":"repeat","background-position":"center center","background-size":"auto","background-attachment":"scroll","background-type":"","background-media":"","overlay-type":"","overlay-color":"","overlay-opacity":"","overlay-gradient":""},"tablet":{"background-color":"var(--ast-global-color-5)","background-image":"","background-repeat":"repeat","background-position":"center center","background-size":"auto","background-attachment":"scroll","background-type":"","background-media":"","overlay-type":"","overlay-color":"","overlay-opacity":"","overlay-gradient":""},"mobile":{"background-color":"var(--ast-global-color-5)","background-image":"","background-repeat":"repeat","background-position":"center center","background-size":"auto","background-attachment":"scroll","background-type":"","background-media":"","overlay-type":"","overlay-color":"","overlay-opacity":"","overlay-gradient":""}},"footnotes":""},"class_list":["post-3336","page","type-page","status-publish","hentry"],"acf":[],"_links":{"self":[{"href":"https:\/\/haarlemcitytours.nl\/de\/wp-json\/wp\/v2\/pages\/3336","targetHints":{"allow":["GET"]}}],"collection":[{"href":"https:\/\/haarlemcitytours.nl\/de\/wp-json\/wp\/v2\/pages"}],"about":[{"href":"https:\/\/haarlemcitytours.nl\/de\/wp-json\/wp\/v2\/types\/page"}],"author":[{"embeddable":true,"href":"https:\/\/haarlemcitytours.nl\/de\/wp-json\/wp\/v2\/users\/1"}],"replies":[{"embeddable":true,"href":"https:\/\/haarlemcitytours.nl\/de\/wp-json\/wp\/v2\/comments?post=3336"}],"version-history":[{"count":12,"href":"https:\/\/haarlemcitytours.nl\/de\/wp-json\/wp\/v2\/pages\/3336\/revisions"}],"predecessor-version":[{"id":3375,"href":"https:\/\/haarlemcitytours.nl\/de\/wp-json\/wp\/v2\/pages\/3336\/revisions\/3375"}],"wp:attachment":[{"href":"https:\/\/haarlemcitytours.nl\/de\/wp-json\/wp\/v2\/media?parent=3336"}],"curies":[{"name":"wp","href":"https:\/\/api.w.org\/{rel}","templated":true}]}}