{"id":3320,"date":"2025-05-08T06:41:04","date_gmt":"2025-05-08T06:41:04","guid":{"rendered":"https:\/\/haarlemcitytours.nl\/?page_id=3320"},"modified":"2025-05-08T07:02:48","modified_gmt":"2025-05-08T07:02:48","slug":"die-champagner-kreuzfahrt-entdecken-sie-haarlem-mit-stil","status":"publish","type":"page","link":"https:\/\/haarlemcitytours.nl\/de\/die-champagner-kreuzfahrt-entdecken-sie-haarlem-mit-stil\/","title":{"rendered":"Die Champagner-Kreuzfahrt: Entdecken Sie Haarlem mit Stil"},"content":{"rendered":"<div data-elementor-type=\"wp-page\" data-elementor-id=\"3320\" class=\"elementor elementor-3320\" data-elementor-post-type=\"page\">\n\t\t\t\t<div class=\"elementor-element elementor-element-a8a160b e-flex e-con-boxed e-con e-parent\" data-id=\"a8a160b\" data-element_type=\"container\" data-settings=\"{&quot;background_background&quot;:&quot;classic&quot;}\">\n\t\t\t\t\t<div class=\"e-con-inner\">\n\t\t\t\t<div class=\"elementor-element elementor-element-ed69936 elementor-widget__width-initial elementor-widget elementor-widget-heading\" data-id=\"ed69936\" data-element_type=\"widget\" data-widget_type=\"heading.default\">\n\t\t\t\t<div class=\"elementor-widget-container\">\n\t\t\t\t\t<h1 class=\"elementor-heading-title elementor-size-default\">Haarlem Stadtrundfahrten X Silent Disco Viking\n<\/h1>\t\t\t\t<\/div>\n\t\t\t\t<\/div>\n\t\t\t\t<div class=\"elementor-element elementor-element-af106a8 elementor-widget__width-initial elementor-widget elementor-widget-text-editor\" data-id=\"af106a8\" data-element_type=\"widget\" data-widget_type=\"text-editor.default\">\n\t\t\t\t<div class=\"elementor-widget-container\">\n\t\t\t\t\t\t\t\t\t<p>Bei Haarlem City Tours kombinieren wir den Charme von Haarlem mit dem Spa\u00df und den einzigartigen Erlebnissen, die unsere Stadt zu bieten hat. In Zusammenarbeit mit Silent Disco Viking bieten wir eine besondere M\u00f6glichkeit, die Stadt zu erkunden und zu feiern: die Silent Disco Cruise! Egal, ob Sie ein Einheimischer oder ein Besucher von Haarlem sind, die Silent Disco Cruise ist die perfekte Gelegenheit, die Kan\u00e4le von Haarlem auf ganz neue Weise zu entdecken.<\/p><p>\u00a0<\/p>\t\t\t\t\t\t\t\t<\/div>\n\t\t\t\t<\/div>\n\t\t\t\t\t<\/div>\n\t\t\t\t<\/div>\n\t\t<div class=\"elementor-element elementor-element-879cec5 e-flex e-con-boxed e-con e-parent\" data-id=\"879cec5\" data-element_type=\"container\">\n\t\t\t\t\t<div class=\"e-con-inner\">\n\t\t<div class=\"elementor-element elementor-element-669de95 e-con-full e-flex e-con e-child\" data-id=\"669de95\" data-element_type=\"container\">\n\t\t\t\t<div class=\"elementor-element elementor-element-147bd01 elementor-widget elementor-widget-text-editor\" data-id=\"147bd01\" data-element_type=\"widget\" data-widget_type=\"text-editor.default\">\n\t\t\t\t<div class=\"elementor-widget-container\">\n\t\t\t\t\t\t\t\t\t<h2>Was ist Silent Disco Viking?<\/h2><p><img decoding=\"async\" class=\"size-full wp-image-3289 alignleft\" src=\"https:\/\/haarlemcitytours.nl\/wp-content\/uploads\/2025\/05\/Silent-disco-logo.png\" alt=\"\" width=\"200\" height=\"200\" title=\"\" srcset=\"https:\/\/haarlemcitytours.nl\/wp-content\/uploads\/2025\/05\/Silent-disco-logo.png 200w, https:\/\/haarlemcitytours.nl\/wp-content\/uploads\/2025\/05\/Silent-disco-logo-150x150.png 150w, https:\/\/haarlemcitytours.nl\/wp-content\/uploads\/2025\/05\/Silent-disco-logo-12x12.png 12w, https:\/\/haarlemcitytours.nl\/wp-content\/uploads\/2025\/05\/Silent-disco-logo-24x24.png 24w, https:\/\/haarlemcitytours.nl\/wp-content\/uploads\/2025\/05\/Silent-disco-logo-48x48.png 48w, https:\/\/haarlemcitytours.nl\/wp-content\/uploads\/2025\/05\/Silent-disco-logo-96x96.png 96w\" sizes=\"(max-width: 200px) 100vw, 200px\" \/>Silent Disco Viking ist ein innovatives Unternehmen, das sich auf die Vermietung von kabellosen Kopfh\u00f6rern f\u00fcr Silent Discos konzentriert. Silent Disco Viking veranstaltet selbst keine Partys, bietet aber die Technik an, mit der Sie Ihre eigene Party, Ihr Festival, Ihre Hochzeit oder Ihr Event in ein einmaliges Erlebnis verwandeln k\u00f6nnen. Durch das Mieten von kabellosen Kopfh\u00f6rern k\u00f6nnen die G\u00e4ste ihre eigene Musikauswahl treffen und gleichzeitig die Party in v\u00f6lliger Stille genie\u00dfen. Dies bietet die perfekte L\u00f6sung f\u00fcr jede Art von Veranstaltung, bei der L\u00e4rmbel\u00e4stigung ein Problem darstellen k\u00f6nnte, beispielsweise in Wohngebieten oder auf \u00f6ffentlichen Pl\u00e4tzen. Neben der Vermietung von Silent-Disco-Equipment bietet Silent Disco Viking auch die M\u00f6glichkeit, bei Ihrer Veranstaltung anwesend zu sein, um alles bis ins kleinste Detail zu arrangieren. Dies alles in Kombination mit verschiedenen Accessoires, die Ihrer Party das gewisse Extra verleihen. Au\u00dferdem verf\u00fcgen wir \u00fcber verschiedene DJs, die auf Ihre Veranstaltung kommen und auflegen k\u00f6nnen. Komplett mit Equipment, professioneller Lichttechnik und gewappnet mit allen Musikrichtungen verleihen sie jeder Party das gewisse Extra!<\/p><p>Egal ob Sie eine private Party, eine Hochzeit, ein Festival oder eine Firmenveranstaltung veranstalten, mit den Kopfh\u00f6rern von Silent Disco Viking verleihen Sie Ihrer Party eine ganz neue Dimension. Und jetzt bieten wir Ihnen in Zusammenarbeit mit Haarlem City Tours die M\u00f6glichkeit, dieses Konzept w\u00e4hrend der Silent Disco Cruise zu erleben.<\/p><h2>Die Silent Disco Cruise: Ein einzigartiges Erlebnis<\/h2><p>Mit der Silent Disco Cruise k\u00f6nnen Sie sicher sein, dass Sie eine unvergessliche Zeit verbringen werden. So k\u00f6nnen Sie Haarlem auf ruhige, aber dennoch spannende Weise entdecken. An Bord unseres Ausflugsboots fahren Sie durch die malerischen Kan\u00e4le von Haarlem, umgeben von historischen Geb\u00e4uden, malerischen Br\u00fccken und atemberaubenden Ausblicken. Das Beste von allem? Dies tun Sie, w\u00e4hrend Sie Ihren gew\u00e4hlten Musikkanal \u00fcber Ihre Kopfh\u00f6rer genie\u00dfen.<\/p><p>Das Konzept ist einfach, aber genial: Die Musik wird \u00fcber kabellose Kopfh\u00f6rer von Silent Disco Viking abgespielt, sodass Sie und Ihre Gruppe Musik genie\u00dfen k\u00f6nnen, ohne den Rest der Stadt oder andere G\u00e4ste zu st\u00f6ren. Auf diese Weise k\u00f6nnen Sie in aller Ruhe feiern und gleichzeitig die wundersch\u00f6ne Umgebung von Haarlem genie\u00dfen.<\/p><p>Unser Ausflugsboot ist mit allem ausgestattet, was Sie zum Entspannen und Genie\u00dfen des Augenblicks ben\u00f6tigen. Wein, Bier, Softdrinks und leckere Snacks, f\u00fcr alles ist gesorgt. F\u00fcr Ihren Komfort ist selbstverst\u00e4ndlich auch eine Toilette an Bord vorhanden. Egal, ob Sie zu einem gem\u00fctlichen Drink mit Freunden, einer Teambuilding-Aktivit\u00e4t oder einem besonderen Event kommen, die Silent Disco Cruise bietet alles f\u00fcr ein festliches Erlebnis.<\/p><h2>Buchen Sie jetzt die Silent Disco Cruise!<\/h2><p>Lust auf ein Wasserabenteuer der besonderen Art? Dann buchen Sie jetzt die Silent Disco Cruise und erleben Sie die Magie der Haarlemer Grachten in Kombination mit dem einzigartigen Partykonzept von Silent Disco Viking. Diese Kreuzfahrt ist ideal f\u00fcr einen besonderen Anlass, einen \u00fcberraschenden Ausflug oder einfach, um einen unvergesslichen Abend mit Freunden zu genie\u00dfen.<\/p><p>Buchen Sie schnell Ihre Silent Disco Cruise \u00fcber diesen Link und gehen Sie mit uns auf Abenteuerreise!<\/p><p>Ob Sie eine private Feier organisieren, einen Betriebsausflug planen oder einfach nur neugierig auf dieses innovative Erlebnis sind, die <a href=\"https:\/\/haarlemcitytours.nl\/tour\/silent-disco-cruise\/\">Silent Disco-Kreuzfahrt<\/a> ist die perfekte Wahl, um Haarlem aus einer v\u00f6llig anderen Perspektive zu entdecken.<\/p><p>Haarlem City Tours und Silent Disco Viking hei\u00dfen Sie an Bord zur einzigartigsten Kreuzfahrt willkommen, die Haarlem zu bieten hat!<\/p>\t\t\t\t\t\t\t\t<\/div>\n\t\t\t\t<\/div>\n\t\t\t\t<div class=\"elementor-element elementor-element-dcc59f1 elementor-widget elementor-widget-html\" data-id=\"dcc59f1\" data-element_type=\"widget\" data-widget_type=\"html.default\">\n\t\t\t\t<div class=\"elementor-widget-container\">\n\t\t\t\t\t<style>\n\nh2{\n    margin:20px 0px 0px 0px;\n}\n\n<\/style>\t\t\t\t<\/div>\n\t\t\t\t<\/div>\n\t\t\t\t<\/div>\n\t\t\t\t\t<\/div>\n\t\t\t\t<\/div>\n\t\t\t\t<\/div>","protected":false},"excerpt":{"rendered":"<p>Haarlem City Tours X Silent Disco Viking Bei Haarlem City Tours kombinieren wir den Charme von Haarlem mit dem Spa\u00df und den einzigartigen Erlebnissen, die unsere Stadt zu bieten hat. In Zusammenarbeit mit Silent Disco Viking bieten wir eine besondere M\u00f6glichkeit, die Stadt zu erkunden und zu feiern: die Silent Disco Cruise! Ob sie [\u2026]<\/p>","protected":false},"author":1,"featured_media":0,"parent":0,"menu_order":0,"comment_status":"closed","ping_status":"closed","template":"","meta":{"_acf_changed":false,"inline_featured_image":false,"site-sidebar-layout":"no-sidebar","site-content-layout":"page-builder","ast-site-content-layout":"full-width-container","site-content-style":"default","site-sidebar-style":"default","ast-global-header-display":"","ast-banner-title-visibility":"","ast-main-header-display":"","ast-hfb-above-header-display":"","ast-hfb-below-header-display":"","ast-hfb-mobile-header-display":"","site-post-title":"disabled","ast-breadcrumbs-content":"","ast-featured-img":"disabled","footer-sml-layout":"","ast-disable-related-posts":"","theme-transparent-header-meta":"default","adv-header-id-meta":"","stick-header-meta":"","header-above-stick-meta":"","header-main-stick-meta":"","header-below-stick-meta":"","astra-migrate-meta-layouts":"set","ast-page-background-enabled":"default","ast-page-background-meta":{"desktop":{"background-color":"var(--ast-global-color-4)","background-image":"","background-repeat":"repeat","background-position":"center center","background-size":"auto","background-attachment":"scroll","background-type":"","background-media":"","overlay-type":"","overlay-color":"","overlay-opacity":"","overlay-gradient":""},"tablet":{"background-color":"","background-image":"","background-repeat":"repeat","background-position":"center center","background-size":"auto","background-attachment":"scroll","background-type":"","background-media":"","overlay-type":"","overlay-color":"","overlay-opacity":"","overlay-gradient":""},"mobile":{"background-color":"","background-image":"","background-repeat":"repeat","background-position":"center center","background-size":"auto","background-attachment":"scroll","background-type":"","background-media":"","overlay-type":"","overlay-color":"","overlay-opacity":"","overlay-gradient":""}},"ast-content-background-meta":{"desktop":{"background-color":"var(--ast-global-color-5)","background-image":"","background-repeat":"repeat","background-position":"center center","background-size":"auto","background-attachment":"scroll","background-type":"","background-media":"","overlay-type":"","overlay-color":"","overlay-opacity":"","overlay-gradient":""},"tablet":{"background-color":"var(--ast-global-color-5)","background-image":"","background-repeat":"repeat","background-position":"center center","background-size":"auto","background-attachment":"scroll","background-type":"","background-media":"","overlay-type":"","overlay-color":"","overlay-opacity":"","overlay-gradient":""},"mobile":{"background-color":"var(--ast-global-color-5)","background-image":"","background-repeat":"repeat","background-position":"center center","background-size":"auto","background-attachment":"scroll","background-type":"","background-media":"","overlay-type":"","overlay-color":"","overlay-opacity":"","overlay-gradient":""}},"footnotes":""},"class_list":["post-3320","page","type-page","status-publish","hentry"],"acf":[],"_links":{"self":[{"href":"https:\/\/haarlemcitytours.nl\/de\/wp-json\/wp\/v2\/pages\/3320","targetHints":{"allow":["GET"]}}],"collection":[{"href":"https:\/\/haarlemcitytours.nl\/de\/wp-json\/wp\/v2\/pages"}],"about":[{"href":"https:\/\/haarlemcitytours.nl\/de\/wp-json\/wp\/v2\/types\/page"}],"author":[{"embeddable":true,"href":"https:\/\/haarlemcitytours.nl\/de\/wp-json\/wp\/v2\/users\/1"}],"replies":[{"embeddable":true,"href":"https:\/\/haarlemcitytours.nl\/de\/wp-json\/wp\/v2\/comments?post=3320"}],"version-history":[{"count":11,"href":"https:\/\/haarlemcitytours.nl\/de\/wp-json\/wp\/v2\/pages\/3320\/revisions"}],"predecessor-version":[{"id":3372,"href":"https:\/\/haarlemcitytours.nl\/de\/wp-json\/wp\/v2\/pages\/3320\/revisions\/3372"}],"wp:attachment":[{"href":"https:\/\/haarlemcitytours.nl\/de\/wp-json\/wp\/v2\/media?parent=3320"}],"curies":[{"name":"wp","href":"https:\/\/api.w.org\/{rel}","templated":true}]}}