{"id":3277,"date":"2025-05-08T05:47:11","date_gmt":"2025-05-08T05:47:11","guid":{"rendered":"https:\/\/haarlemcitytours.nl\/?page_id=3277"},"modified":"2025-05-08T07:04:41","modified_gmt":"2025-05-08T07:04:41","slug":"die-perfekte-zusammenarbeit-zwischen-haarlem-city-tours-und-den-bubble-brothers","status":"publish","type":"page","link":"https:\/\/haarlemcitytours.nl\/de\/die-perfekte-zusammenarbeit-zwischen-haarlem-city-tours-und-den-bubble-brothers\/","title":{"rendered":"Die perfekte Zusammenarbeit zwischen Haarlem City Tours und De Bubbel Broeders"},"content":{"rendered":"<div data-elementor-type=\"wp-page\" data-elementor-id=\"3277\" class=\"elementor elementor-3277\" data-elementor-post-type=\"page\">\n\t\t\t\t<div class=\"elementor-element elementor-element-a8a160b e-flex e-con-boxed e-con e-parent\" data-id=\"a8a160b\" data-element_type=\"container\" data-settings=\"{&quot;background_background&quot;:&quot;classic&quot;}\">\n\t\t\t\t\t<div class=\"e-con-inner\">\n\t\t\t\t<div class=\"elementor-element elementor-element-ed69936 elementor-widget__width-initial elementor-widget elementor-widget-heading\" data-id=\"ed69936\" data-element_type=\"widget\" data-widget_type=\"heading.default\">\n\t\t\t\t<div class=\"elementor-widget-container\">\n\t\t\t\t\t<h1 class=\"elementor-heading-title elementor-size-default\">Die perfekte Zusammenarbeit zwischen Haarlem City Tours und De Bubbel Broeders<\/h1>\t\t\t\t<\/div>\n\t\t\t\t<\/div>\n\t\t\t\t<div class=\"elementor-element elementor-element-af106a8 elementor-widget__width-initial elementor-widget elementor-widget-text-editor\" data-id=\"af106a8\" data-element_type=\"widget\" data-widget_type=\"text-editor.default\">\n\t\t\t\t<div class=\"elementor-widget-container\">\n\t\t\t\t\t\t\t\t\t<p>Haarlem City Tours und De Bubbel Broeders haben sich zusammengeschlossen, um ein einzigartiges Erlebnis anzubieten, das die perfekte Kombination aus Abenteuer, Luxus und Sekt bietet: die Champagner-Kreuzfahrt! Diese exklusive Kreuzfahrt durch die wundersch\u00f6nen Kan\u00e4le von Haarlem ist nicht nur ein Fest f\u00fcr die Augen, sondern auch f\u00fcr den Gaumen. Steigen Sie ein, entspannen Sie sich und genie\u00dfen Sie ein Glas feinsten Champagner, w\u00e4hrend Sie die Stadt aus einer v\u00f6llig neuen Perspektive entdecken.<\/p>\t\t\t\t\t\t\t\t<\/div>\n\t\t\t\t<\/div>\n\t\t\t\t\t<\/div>\n\t\t\t\t<\/div>\n\t\t<div class=\"elementor-element elementor-element-879cec5 e-flex e-con-boxed e-con e-parent\" data-id=\"879cec5\" data-element_type=\"container\">\n\t\t\t\t\t<div class=\"e-con-inner\">\n\t\t<div class=\"elementor-element elementor-element-669de95 e-con-full e-flex e-con e-child\" data-id=\"669de95\" data-element_type=\"container\">\n\t\t\t\t<div class=\"elementor-element elementor-element-147bd01 elementor-widget elementor-widget-text-editor\" data-id=\"147bd01\" data-element_type=\"widget\" data-widget_type=\"text-editor.default\">\n\t\t\t\t<div class=\"elementor-widget-container\">\n\t\t\t\t\t\t\t\t\t<h2>Wer sind die Bubble Brothers?<\/h2><p><img decoding=\"async\" class=\"wp-image-3308 size-medium alignleft\" src=\"https:\/\/haarlemcitytours.nl\/wp-content\/uploads\/2025\/05\/bubbel_broeders_cover-300x103.jpeg\" alt=\"\" width=\"300\" height=\"103\" title=\"\" srcset=\"https:\/\/haarlemcitytours.nl\/wp-content\/uploads\/2025\/05\/bubbel_broeders_cover-300x103.jpeg 300w, https:\/\/haarlemcitytours.nl\/wp-content\/uploads\/2025\/05\/bubbel_broeders_cover-768x265.jpeg 768w, https:\/\/haarlemcitytours.nl\/wp-content\/uploads\/2025\/05\/bubbel_broeders_cover-18x6.jpeg 18w, https:\/\/haarlemcitytours.nl\/wp-content\/uploads\/2025\/05\/bubbel_broeders_cover.jpeg 1024w\" sizes=\"(max-width: 300px) 100vw, 300px\" \/>Die Bubble Brothers sind zwei Cousins, die seit ihrer Kindheit gemeinsam die Welt erkunden, und zwar nicht nur als Familie, sondern als echte Br\u00fcder. Sie teilen die Leidenschaft f\u00fcr Abenteuer, gutes Essen und \u2013 vor allem \u2013 gute Getr\u00e4nke. Ihre Reise in die Champagne war Liebe auf den ersten Blick und seitdem sind sie nicht mehr aufzuhalten. Ihre Suche nach den sch\u00f6nsten Bl\u00e4schen hat sie nicht nur in die weltber\u00fchmte Champagnerregion gef\u00fchrt, sondern auch in die faszinierende Region Franciacorta, wo sie f\u00fcr ihre Bl\u00e4schenbr\u00fcder in den Niederlanden die besten Weine und Bl\u00e4schen verkosten.<\/p><p>Diese Leidenschaft f\u00fcr den edlen Schaumwein ist die treibende Kraft hinter ihrer Arbeit und jetzt teilen sie diese Leidenschaft w\u00e4hrend der Champagner-Kreuzfahrt mit Ihnen!<\/p><h2>Die Champagner-Kreuzfahrt: Entdecken Sie Haarlem mit Stil<\/h2><p>Die Champagner-Kreuzfahrt bietet die ultimative M\u00f6glichkeit, Haarlem zu entdecken und dabei den besten Champagner in einer entspannten und festlichen Atmosph\u00e4re zu genie\u00dfen. W\u00e4hrend Sie durch die malerischen Kan\u00e4le von Haarlem fahren, kommen Sie an historischen Geb\u00e4uden, bezaubernden Br\u00fccken und dem ber\u00fchmten Stadtzentrum vorbei. Und das Highlight der Kreuzfahrt ist nat\u00fcrlich die exklusive Auswahl an Champagner, die sorgf\u00e4ltig von den Bubble Brothers selbst ausgew\u00e4hlt wurde. Jeder Schluck bringt Sie der Kunst des Genie\u00dfens ein St\u00fcck n\u00e4her, w\u00e4hrend Sie Haarlem in seiner ganzen Sch\u00f6nheit bewundern.<\/p><p>Die Kombination aus der Expertise von Haarlem City Tours bei der Stadtf\u00fchrung und dem Wissen von De Bubbel Broeders \u00fcber die besten Schaumweine macht diese Kreuzfahrt zu einem Erlebnis, das Sie sich nicht entgehen lassen sollten. Egal, ob Sie einen besonderen Anlass feiern oder einfach einen einzigartigen Ausflug mit Freunden genie\u00dfen m\u00f6chten, die Champagner-Kreuzfahrt ist die perfekte Wahl.<\/p><h2>Buchen Sie Ihre Champagner-Kreuzfahrt<\/h2><p>M\u00f6chten Sie Haarlem auf eine v\u00f6llig neue Art entdecken, mit einem Glas Sekt in der Hand und der Stadt zu Ihren F\u00fc\u00dfen? Dann buchen Sie schnell Ihren Platz auf der Champagner-Kreuzfahrt und erleben Sie das Beste aus beiden Welten: den Charme von Haarlem und die Raffinesse des Champagners von Bubbel Broeders.<\/p><p>Kommen Sie an Bord und lassen Sie sich mit k\u00f6stlichem Champagner, atemberaubenden Ausblicken und der Gem\u00fctlichkeit einer unvergesslichen Kreuzfahrt verw\u00f6hnen!<\/p><p><a href=\"https:\/\/haarlemcitytours.nl\/tour\/champagne-cruise\/\">Haarlem City Tours und The Bubble Brothers<\/a> Wir hei\u00dfen Sie herzlich an Bord willkommen zu einem Erlebnis, an das Sie sich noch lange erinnern werden!<\/p>\t\t\t\t\t\t\t\t<\/div>\n\t\t\t\t<\/div>\n\t\t\t\t<div class=\"elementor-element elementor-element-dcc59f1 elementor-widget elementor-widget-html\" data-id=\"dcc59f1\" data-element_type=\"widget\" data-widget_type=\"html.default\">\n\t\t\t\t<div class=\"elementor-widget-container\">\n\t\t\t\t\t<style>\n\nh2{\n    margin:20px 0px 0px 0px;\n}\n\n<\/style>\t\t\t\t<\/div>\n\t\t\t\t<\/div>\n\t\t\t\t<\/div>\n\t\t\t\t\t<\/div>\n\t\t\t\t<\/div>\n\t\t\t\t<\/div>","protected":false},"excerpt":{"rendered":"<p>Die perfekte Zusammenarbeit zwischen Haarlem City Tours und De Bubbel Broeders Haarlem City Tours und De Bubbel Broeders haben sich zusammengeschlossen, um ein einzigartiges Erlebnis anzubieten, das die perfekte Kombination aus Abenteuer, Luxus und Sekt bietet: die Champagner-Kreuzfahrt! Diese exklusive Kreuzfahrt durch die wundersch\u00f6nen Kan\u00e4le von Haarlem ist nicht nur ein Fest [\u2026]<\/p>","protected":false},"author":1,"featured_media":0,"parent":0,"menu_order":0,"comment_status":"closed","ping_status":"closed","template":"","meta":{"_acf_changed":false,"inline_featured_image":false,"site-sidebar-layout":"no-sidebar","site-content-layout":"page-builder","ast-site-content-layout":"full-width-container","site-content-style":"default","site-sidebar-style":"default","ast-global-header-display":"","ast-banner-title-visibility":"","ast-main-header-display":"","ast-hfb-above-header-display":"","ast-hfb-below-header-display":"","ast-hfb-mobile-header-display":"","site-post-title":"disabled","ast-breadcrumbs-content":"","ast-featured-img":"disabled","footer-sml-layout":"","ast-disable-related-posts":"","theme-transparent-header-meta":"default","adv-header-id-meta":"","stick-header-meta":"","header-above-stick-meta":"","header-main-stick-meta":"","header-below-stick-meta":"","astra-migrate-meta-layouts":"set","ast-page-background-enabled":"default","ast-page-background-meta":{"desktop":{"background-color":"var(--ast-global-color-4)","background-image":"","background-repeat":"repeat","background-position":"center center","background-size":"auto","background-attachment":"scroll","background-type":"","background-media":"","overlay-type":"","overlay-color":"","overlay-opacity":"","overlay-gradient":""},"tablet":{"background-color":"","background-image":"","background-repeat":"repeat","background-position":"center center","background-size":"auto","background-attachment":"scroll","background-type":"","background-media":"","overlay-type":"","overlay-color":"","overlay-opacity":"","overlay-gradient":""},"mobile":{"background-color":"","background-image":"","background-repeat":"repeat","background-position":"center center","background-size":"auto","background-attachment":"scroll","background-type":"","background-media":"","overlay-type":"","overlay-color":"","overlay-opacity":"","overlay-gradient":""}},"ast-content-background-meta":{"desktop":{"background-color":"var(--ast-global-color-5)","background-image":"","background-repeat":"repeat","background-position":"center center","background-size":"auto","background-attachment":"scroll","background-type":"","background-media":"","overlay-type":"","overlay-color":"","overlay-opacity":"","overlay-gradient":""},"tablet":{"background-color":"var(--ast-global-color-5)","background-image":"","background-repeat":"repeat","background-position":"center center","background-size":"auto","background-attachment":"scroll","background-type":"","background-media":"","overlay-type":"","overlay-color":"","overlay-opacity":"","overlay-gradient":""},"mobile":{"background-color":"var(--ast-global-color-5)","background-image":"","background-repeat":"repeat","background-position":"center center","background-size":"auto","background-attachment":"scroll","background-type":"","background-media":"","overlay-type":"","overlay-color":"","overlay-opacity":"","overlay-gradient":""}},"footnotes":""},"class_list":["post-3277","page","type-page","status-publish","hentry"],"acf":[],"_links":{"self":[{"href":"https:\/\/haarlemcitytours.nl\/de\/wp-json\/wp\/v2\/pages\/3277","targetHints":{"allow":["GET"]}}],"collection":[{"href":"https:\/\/haarlemcitytours.nl\/de\/wp-json\/wp\/v2\/pages"}],"about":[{"href":"https:\/\/haarlemcitytours.nl\/de\/wp-json\/wp\/v2\/types\/page"}],"author":[{"embeddable":true,"href":"https:\/\/haarlemcitytours.nl\/de\/wp-json\/wp\/v2\/users\/1"}],"replies":[{"embeddable":true,"href":"https:\/\/haarlemcitytours.nl\/de\/wp-json\/wp\/v2\/comments?post=3277"}],"version-history":[{"count":23,"href":"https:\/\/haarlemcitytours.nl\/de\/wp-json\/wp\/v2\/pages\/3277\/revisions"}],"predecessor-version":[{"id":3378,"href":"https:\/\/haarlemcitytours.nl\/de\/wp-json\/wp\/v2\/pages\/3277\/revisions\/3378"}],"wp:attachment":[{"href":"https:\/\/haarlemcitytours.nl\/de\/wp-json\/wp\/v2\/media?parent=3277"}],"curies":[{"name":"wp","href":"https:\/\/api.w.org\/{rel}","templated":true}]}}