{"id":2906,"date":"2025-03-13T05:03:21","date_gmt":"2025-03-13T05:03:21","guid":{"rendered":"https:\/\/haarlemcitytours.nl\/?page_id=2906"},"modified":"2025-07-23T19:48:35","modified_gmt":"2025-07-23T19:48:35","slug":"feiern-sie-die-gay-parade-mit-exklusiven-bootsausflugen","status":"publish","type":"page","link":"https:\/\/haarlemcitytours.nl\/de\/feiern-sie-die-gay-parade-mit-exklusiven-bootsausflugen\/","title":{"rendered":"Feiern Sie den Amsterdam Pride mit unseren Bootstouren"},"content":{"rendered":"<div data-elementor-type=\"wp-page\" data-elementor-id=\"2906\" class=\"elementor elementor-2906\" data-elementor-post-type=\"page\">\n\t\t\t\t<div class=\"elementor-element elementor-element-a8a160b e-flex e-con-boxed e-con e-parent\" data-id=\"a8a160b\" data-element_type=\"container\" data-settings=\"{&quot;background_background&quot;:&quot;classic&quot;}\">\n\t\t\t\t\t<div class=\"e-con-inner\">\n\t\t\t\t<div class=\"elementor-element elementor-element-ed69936 elementor-widget__width-initial elementor-widget elementor-widget-heading\" data-id=\"ed69936\" data-element_type=\"widget\" data-widget_type=\"heading.default\">\n\t\t\t\t<div class=\"elementor-widget-container\">\n\t\t\t\t\t<h1 class=\"elementor-heading-title elementor-size-default\"><p style=\"font-size: 16px;font-style: normal;font-weight: 600;font-family: Inter, sans-serif\"><span style=\", sans-serif;font-size: 34px;font-style: inherit\">Pride Amsterdam 2025<\/span><\/p><p style=\"font-size: 16px;font-style: normal;font-weight: 600;font-family: Inter, sans-serif\"><span style=\", sans-serif;font-size: 34px;font-style: inherit\">Erleben Sie es vom Boot aus mit Haarlem City Tours!<\/span><span style=\", sans-serif;font-size: 34px;font-style: inherit\"><\/span><\/p><\/h1>\t\t\t\t<\/div>\n\t\t\t\t<\/div>\n\t\t\t\t<div class=\"elementor-element elementor-element-af106a8 elementor-widget__width-initial elementor-widget elementor-widget-text-editor\" data-id=\"af106a8\" data-element_type=\"widget\" data-widget_type=\"text-editor.default\">\n\t\t\t\t<div class=\"elementor-widget-container\">\n\t\t\t\t\t\t\t\t\t<p><span style=\"font-style: inherit; font-weight: inherit;\">Die Grachtenparade ist jedes Jahr das Highlight der Pride Amsterdam. Dieses Jahr k\u00f6nnen Sie auf einzigartige Weise dabei sein \u2013 von einem komfortablen Bootsliegeplatz entlang der ber\u00fchmten Amstel! Haarlem City Tours bietet exklusive Anlegepl\u00e4tze an erstklassigen Grachtenstandorten, sodass Sie die farbenfrohe Bootsparade hautnah, stilvoll und komfortabel erleben k\u00f6nnen.<\/span><\/p><div>\u00a0<\/div>\t\t\t\t\t\t\t\t<\/div>\n\t\t\t\t<\/div>\n\t\t\t\t\t<\/div>\n\t\t\t\t<\/div>\n\t\t<div class=\"elementor-element elementor-element-879cec5 e-flex e-con-boxed e-con e-parent\" data-id=\"879cec5\" data-element_type=\"container\">\n\t\t\t\t\t<div class=\"e-con-inner\">\n\t\t<div class=\"elementor-element elementor-element-669de95 e-con-full e-flex e-con e-child\" data-id=\"669de95\" data-element_type=\"container\">\n\t\t\t\t<div class=\"elementor-element elementor-element-147bd01 elementor-widget elementor-widget-text-editor\" data-id=\"147bd01\" data-element_type=\"widget\" data-widget_type=\"text-editor.default\">\n\t\t\t\t<div class=\"elementor-widget-container\">\n\t\t\t\t\t\t\t\t\t<p>Unsere Boote liegen an den sch\u00f6nsten Stellen der Canal Parade am Kai. Sie m\u00fcssen also nicht segeln, um einen spektakul\u00e4ren Ausblick zu genie\u00dfen \u2013 die Parade zieht direkt an Ihrem Boot vorbei!<\/p>\t\t\t\t\t\t\t\t<\/div>\n\t\t\t\t<\/div>\n\t\t\t\t<div class=\"elementor-element elementor-element-4d5c6d7 elementor-widget elementor-widget-heading\" data-id=\"4d5c6d7\" data-element_type=\"widget\" data-widget_type=\"heading.default\">\n\t\t\t\t<div class=\"elementor-widget-container\">\n\t\t\t\t\t<h2 class=\"elementor-heading-title elementor-size-default\">Was bieten wir?<span style=\"font-size: 1.875rem;font-style: inherit\"><\/span><\/h2>\t\t\t\t<\/div>\n\t\t\t\t<\/div>\n\t\t\t\t<div class=\"elementor-element elementor-element-6732e35 elementor-widget elementor-widget-text-editor\" data-id=\"6732e35\" data-element_type=\"widget\" data-widget_type=\"text-editor.default\">\n\t\t\t\t<div class=\"elementor-widget-container\">\n\t\t\t\t\t\t\t\t\t<p>Wir sorgen daf\u00fcr, dass Sie w\u00e4hrend der Pride Amsterdam einen einzigartigen und unbeschwerten Tag auf dem Wasser genie\u00dfen k\u00f6nnen. Unser Angebot umfasst:<\/p><p><img decoding=\"async\" class=\"emoji\" role=\"img\" draggable=\"false\" src=\"https:\/\/s.w.org\/images\/core\/emoji\/16.0.1\/svg\/2705.svg\" alt=\"\u2705\" title=\"\"> Liegepl\u00e4tze in Top-Lagen an der Amstel \u2013 perfekte Sicht auf die Parade<br \/><img decoding=\"async\" class=\"emoji\" role=\"img\" draggable=\"false\" src=\"https:\/\/s.w.org\/images\/core\/emoji\/16.0.1\/svg\/2705.svg\" alt=\"\u2705\" title=\"\"> Ger\u00e4umige Boote mit bequemen Sitzgelegenheiten<br \/><img decoding=\"async\" class=\"emoji\" role=\"img\" draggable=\"false\" src=\"https:\/\/s.w.org\/images\/core\/emoji\/16.0.1\/svg\/2705.svg\" alt=\"\u2705\" title=\"\"> Toilette an Bord auf allen unseren Booten<br \/><img decoding=\"async\" class=\"emoji\" role=\"img\" draggable=\"false\" src=\"https:\/\/s.w.org\/images\/core\/emoji\/16.0.1\/svg\/2705.svg\" alt=\"\u2705\" title=\"\"> K\u00fchlschrank vorhanden \u2013 Getr\u00e4nke selbst mitbringen und sch\u00f6n k\u00fchl halten<br \/><img decoding=\"async\" class=\"emoji\" role=\"img\" draggable=\"false\" src=\"https:\/\/s.w.org\/images\/core\/emoji\/16.0.1\/svg\/2705.svg\" alt=\"\u2705\" title=\"\"> Stimmungsvolle Einrichtung &amp; entspannte Atmosph\u00e4re<br \/><img decoding=\"async\" class=\"emoji\" role=\"img\" draggable=\"false\" src=\"https:\/\/s.w.org\/images\/core\/emoji\/16.0.1\/svg\/2705.svg\" alt=\"\u2705\" title=\"\"> Eigene Musik m\u00f6glich (mit begrenzter Lautst\u00e4rke, gem\u00e4\u00df den Regeln)<br \/><img decoding=\"async\" class=\"emoji\" role=\"img\" draggable=\"false\" src=\"https:\/\/s.w.org\/images\/core\/emoji\/16.0.1\/svg\/2705.svg\" alt=\"\u2705\" title=\"\"> Eigenes Catering erlaubt<\/p><p>\u00a0 <br \/><img decoding=\"async\" class=\"emoji\" role=\"img\" draggable=\"false\" src=\"https:\/\/s.w.org\/images\/core\/emoji\/16.0.1\/svg\/1f39f.svg\" alt=\"\ud83c\udf9f\ufe0f\" title=\"\"> <b>Preis pro Ticket: <\/b>60,00 \u20ac (ohne Getr\u00e4nke und Snacks)<br \/>Das Mitbringen von Speisen und Getr\u00e4nken ist selbstverst\u00e4ndlich gestattet.<\/p><p>\u00a0 <br \/><img decoding=\"async\" class=\"emoji\" role=\"img\" draggable=\"false\" src=\"https:\/\/s.w.org\/images\/core\/emoji\/16.0.1\/svg\/1f449.svg\" alt=\"\ud83d\udc49\" title=\"\"> Buchen Sie fr\u00fchzeitig! Unsere Pl\u00e4tze sind sehr gefragt und nur begrenzt verf\u00fcgbar. M\u00f6chten Sie sich w\u00e4hrend der Pride 2025 einen fantastischen Platz am Kanal sichern? Warten Sie nicht zu lange und sichern Sie sich jetzt Ihren Platz an Bord.<\/p>\t\t\t\t\t\t\t\t<\/div>\n\t\t\t\t<\/div>\n\t\t<div class=\"elementor-element elementor-element-70e9961 e-con-full e-flex e-con e-child\" data-id=\"70e9961\" data-element_type=\"container\">\n\t\t\t\t<div class=\"elementor-element elementor-element-f6469f5 elementor-widget elementor-widget-button\" data-id=\"f6469f5\" data-element_type=\"widget\" data-widget_type=\"button.default\">\n\t\t\t\t<div class=\"elementor-widget-container\">\n\t\t\t\t\t\t\t\t\t<div class=\"elementor-button-wrapper\">\n\t\t\t\t\t<a class=\"elementor-button elementor-button-link elementor-size-sm\" href=\"https:\/\/www.mollie.com\/checkout\/select-method\/qiQRGCVW3eT7NThiBQkBJ\" rel=\"nofollow noopener\" target=\"_blank\">\n\t\t\t\t\t\t<span class=\"elementor-button-content-wrapper\">\n\t\t\t\t\t\t\t\t\t<span class=\"elementor-button-text\">Kaufen Sie Ihr Ticket<\/span>\n\t\t\t\t\t<\/span>\n\t\t\t\t\t<\/a>\n\t\t\t\t<\/div>\n\t\t\t\t\t\t\t\t<\/div>\n\t\t\t\t<\/div>\n\t\t\t\t<div class=\"elementor-element elementor-element-d735a89 elementor-widget elementor-widget-button\" data-id=\"d735a89\" data-element_type=\"widget\" data-widget_type=\"button.default\">\n\t\t\t\t<div class=\"elementor-widget-container\">\n\t\t\t\t\t\t\t\t\t<div class=\"elementor-button-wrapper\">\n\t\t\t\t\t<a class=\"elementor-button elementor-button-link elementor-size-sm\" href=\"\/contact\/\">\n\t\t\t\t\t\t<span class=\"elementor-button-content-wrapper\">\n\t\t\t\t\t\t\t\t\t<span class=\"elementor-button-text\">Kontakt<\/span>\n\t\t\t\t\t<\/span>\n\t\t\t\t\t<\/a>\n\t\t\t\t<\/div>\n\t\t\t\t\t\t\t\t<\/div>\n\t\t\t\t<\/div>\n\t\t\t\t<\/div>\n\t\t\t\t<\/div>\n\t\t<div class=\"elementor-element elementor-element-da08927 e-con-full e-flex e-con e-child\" data-id=\"da08927\" data-element_type=\"container\">\n\t\t\t\t<div class=\"elementor-element elementor-element-ab1d9f1 elementor-widget elementor-widget-image\" data-id=\"ab1d9f1\" data-element_type=\"widget\" data-widget_type=\"image.default\">\n\t\t\t\t<div class=\"elementor-widget-container\">\n\t\t\t\t\t\t\t\t\t\t\t\t\t\t\t<img fetchpriority=\"high\" decoding=\"async\" width=\"684\" height=\"1024\" src=\"https:\/\/haarlemcitytours.nl\/wp-content\/uploads\/2024\/03\/image00007-2-Large-684x1024.jpeg\" class=\"attachment-large size-large wp-image-2128\" alt=\"\" srcset=\"https:\/\/haarlemcitytours.nl\/wp-content\/uploads\/2024\/03\/image00007-2-Large-684x1024.jpeg 684w, https:\/\/haarlemcitytours.nl\/wp-content\/uploads\/2024\/03\/image00007-2-Large-200x300.jpeg 200w, https:\/\/haarlemcitytours.nl\/wp-content\/uploads\/2024\/03\/image00007-2-Large-768x1150.jpeg 768w, https:\/\/haarlemcitytours.nl\/wp-content\/uploads\/2024\/03\/image00007-2-Large.jpeg 855w\" sizes=\"(max-width: 684px) 100vw, 684px\" title=\"\">\t\t\t\t\t\t\t\t\t\t\t\t\t\t\t<\/div>\n\t\t\t\t<\/div>\n\t\t\t\t<\/div>\n\t\t\t\t\t<\/div>\n\t\t\t\t<\/div>\n\t\t<div class=\"elementor-element elementor-element-d936245 e-flex e-con-boxed e-con e-parent\" data-id=\"d936245\" data-element_type=\"container\">\n\t\t\t\t\t<div class=\"e-con-inner\">\n\t\t<div class=\"elementor-element elementor-element-1cafb24 e-con-full e-flex e-con e-child\" data-id=\"1cafb24\" data-element_type=\"container\">\n\t\t\t\t<div class=\"elementor-element elementor-element-974d48c elementor-widget elementor-widget-image\" data-id=\"974d48c\" data-element_type=\"widget\" data-widget_type=\"image.default\">\n\t\t\t\t<div class=\"elementor-widget-container\">\n\t\t\t\t\t\t\t\t\t\t\t\t\t\t\t<img decoding=\"async\" width=\"768\" height=\"555\" src=\"https:\/\/haarlemcitytours.nl\/wp-content\/uploads\/2025\/07\/dmitrii-e-ADeB2z6OUjs-unsplash-768x555.jpg\" class=\"attachment-medium_large size-medium_large wp-image-3807\" alt=\"\" srcset=\"https:\/\/haarlemcitytours.nl\/wp-content\/uploads\/2025\/07\/dmitrii-e-ADeB2z6OUjs-unsplash-768x555.jpg 768w, https:\/\/haarlemcitytours.nl\/wp-content\/uploads\/2025\/07\/dmitrii-e-ADeB2z6OUjs-unsplash-300x217.jpg 300w, https:\/\/haarlemcitytours.nl\/wp-content\/uploads\/2025\/07\/dmitrii-e-ADeB2z6OUjs-unsplash-1024x740.jpg 1024w, https:\/\/haarlemcitytours.nl\/wp-content\/uploads\/2025\/07\/dmitrii-e-ADeB2z6OUjs-unsplash-1536x1110.jpg 1536w, https:\/\/haarlemcitytours.nl\/wp-content\/uploads\/2025\/07\/dmitrii-e-ADeB2z6OUjs-unsplash-18x12.jpg 18w, https:\/\/haarlemcitytours.nl\/wp-content\/uploads\/2025\/07\/dmitrii-e-ADeB2z6OUjs-unsplash.jpg 1920w\" sizes=\"(max-width: 768px) 100vw, 768px\" title=\"\">\t\t\t\t\t\t\t\t\t\t\t\t\t\t\t<\/div>\n\t\t\t\t<\/div>\n\t\t\t\t<\/div>\n\t\t<div class=\"elementor-element elementor-element-bfedacf e-con-full e-flex e-con e-child\" data-id=\"bfedacf\" data-element_type=\"container\">\n\t\t\t\t<div class=\"elementor-element elementor-element-1e9e72d elementor-widget elementor-widget-heading\" data-id=\"1e9e72d\" data-element_type=\"widget\" data-widget_type=\"heading.default\">\n\t\t\t\t<div class=\"elementor-widget-container\">\n\t\t\t\t\t<h3 class=\"elementor-heading-title elementor-size-default\">Was ist Pride Amsterdam?<span style=\"font-size: 1.25rem;font-style: inherit\"><\/span><\/h3>\t\t\t\t<\/div>\n\t\t\t\t<\/div>\n\t\t\t\t<div class=\"elementor-element elementor-element-457775f elementor-widget elementor-widget-text-editor\" data-id=\"457775f\" data-element_type=\"widget\" data-widget_type=\"text-editor.default\">\n\t\t\t\t<div class=\"elementor-widget-container\">\n\t\t\t\t\t\t\t\t\t<p>Pride Amsterdam ist eine j\u00e4hrliche Veranstaltung, die die Freiheit feiert, so zu sein, wie man ist, und zu lieben, wen man m\u00f6chte. Das Festival ist international bekannt und zieht Besucher aus aller Welt an. Die Canal Parade \u2013 immer am ersten Samstag im August \u2013 ist das Highlight der Veranstaltung: eine beeindruckende Prozession wundersch\u00f6n dekorierter Boote, die durch die Amsterdamer Grachten fahren.<\/p><p>\u00a0<\/p><p>Pride steht f\u00fcr Inklusivit\u00e4t, Liebe, Gleichheit und Freiheit und ist ein Fest f\u00fcr alle. W\u00e4hrend der Pride-Woche finden in der ganzen Stadt unz\u00e4hlige Partys, Debatten, Ausstellungen und Aktivit\u00e4ten statt. Das absolute Highlight ist jedoch jedes Jahr die Canal Parade mit mehr als einer halben Million Zuschauern entlang der Strecke.<\/p>\t\t\t\t\t\t\t\t<\/div>\n\t\t\t\t<\/div>\n\t\t\t\t<\/div>\n\t\t\t\t\t<\/div>\n\t\t\t\t<\/div>\n\t\t<div class=\"elementor-element elementor-element-59c1dbd e-flex e-con-boxed e-con e-parent\" data-id=\"59c1dbd\" data-element_type=\"container\">\n\t\t\t\t\t<div class=\"e-con-inner\">\n\t\t<div class=\"elementor-element elementor-element-786d2c9 e-con-full e-flex e-con e-child\" data-id=\"786d2c9\" data-element_type=\"container\">\n\t\t\t\t<div class=\"elementor-element elementor-element-376fea2 elementor-widget elementor-widget-heading\" data-id=\"376fea2\" data-element_type=\"widget\" data-widget_type=\"heading.default\">\n\t\t\t\t<div class=\"elementor-widget-container\">\n\t\t\t\t\t<h3 class=\"elementor-heading-title elementor-size-default\">Ihr Pride-Erlebnis beginnt hier<span style=\"font-size: 1.25rem;font-style: inherit\"><\/span><\/h3>\t\t\t\t<\/div>\n\t\t\t\t<\/div>\n\t\t\t\t<div class=\"elementor-element elementor-element-2c780ac elementor-widget elementor-widget-text-editor\" data-id=\"2c780ac\" data-element_type=\"widget\" data-widget_type=\"text-editor.default\">\n\t\t\t\t<div class=\"elementor-widget-container\">\n\t\t\t\t\t\t\t\t\t<p>Erleben Sie die Energie von Pride Amsterdam in Komfort und Geselligkeit \u2013 an bester Lage an der Amstel mit Haarlem City Tours. Reservieren Sie noch heute Ihren Platz und erleben Sie dieses legend\u00e4re Event hautnah mit Menschen, die wie Sie das feiern m\u00f6chten, was wirklich z\u00e4hlt: Freiheit, Liebe und Verbundenheit.<\/p><p>\u00a0<\/p><p>Werden wir Sie an Bord sehen?<\/p>\t\t\t\t\t\t\t\t<\/div>\n\t\t\t\t<\/div>\n\t\t\t\t<div class=\"elementor-element elementor-element-b881235 elementor-widget elementor-widget-button\" data-id=\"b881235\" data-element_type=\"widget\" data-widget_type=\"button.default\">\n\t\t\t\t<div class=\"elementor-widget-container\">\n\t\t\t\t\t\t\t\t\t<div class=\"elementor-button-wrapper\">\n\t\t\t\t\t<a class=\"elementor-button elementor-button-link elementor-size-sm\" href=\"https:\/\/www.mollie.com\/checkout\/select-method\/qiQRGCVW3eT7NThiBQkBJ\" rel=\"nofollow noopener\" target=\"_blank\">\n\t\t\t\t\t\t<span class=\"elementor-button-content-wrapper\">\n\t\t\t\t\t\t\t\t\t<span class=\"elementor-button-text\">Reservieren Sie Ihren Platz<\/span>\n\t\t\t\t\t<\/span>\n\t\t\t\t\t<\/a>\n\t\t\t\t<\/div>\n\t\t\t\t\t\t\t\t<\/div>\n\t\t\t\t<\/div>\n\t\t\t\t<\/div>\n\t\t<div class=\"elementor-element elementor-element-5b55908 e-con-full e-flex e-con e-child\" data-id=\"5b55908\" data-element_type=\"container\">\n\t\t\t\t<div class=\"elementor-element elementor-element-593af45 elementor-widget elementor-widget-image\" data-id=\"593af45\" data-element_type=\"widget\" data-widget_type=\"image.default\">\n\t\t\t\t<div class=\"elementor-widget-container\">\n\t\t\t\t\t\t\t\t\t\t\t\t\t\t\t<img decoding=\"async\" width=\"683\" height=\"1024\" src=\"https:\/\/haarlemcitytours.nl\/wp-content\/uploads\/2025\/07\/WhatsApp-Image-2025-07-09-at-19.22.12-683x1024.jpeg\" class=\"attachment-large size-large wp-image-3571\" alt=\"\" srcset=\"https:\/\/haarlemcitytours.nl\/wp-content\/uploads\/2025\/07\/WhatsApp-Image-2025-07-09-at-19.22.12-683x1024.jpeg 683w, https:\/\/haarlemcitytours.nl\/wp-content\/uploads\/2025\/07\/WhatsApp-Image-2025-07-09-at-19.22.12-200x300.jpeg 200w, https:\/\/haarlemcitytours.nl\/wp-content\/uploads\/2025\/07\/WhatsApp-Image-2025-07-09-at-19.22.12-768x1152.jpeg 768w, https:\/\/haarlemcitytours.nl\/wp-content\/uploads\/2025\/07\/WhatsApp-Image-2025-07-09-at-19.22.12-1024x1536.jpeg 1024w, https:\/\/haarlemcitytours.nl\/wp-content\/uploads\/2025\/07\/WhatsApp-Image-2025-07-09-at-19.22.12-1366x2048.jpeg 1366w, https:\/\/haarlemcitytours.nl\/wp-content\/uploads\/2025\/07\/WhatsApp-Image-2025-07-09-at-19.22.12-8x12.jpeg 8w, https:\/\/haarlemcitytours.nl\/wp-content\/uploads\/2025\/07\/WhatsApp-Image-2025-07-09-at-19.22.12-scaled.jpeg 1707w\" sizes=\"(max-width: 683px) 100vw, 683px\" title=\"\">\t\t\t\t\t\t\t\t\t\t\t\t\t\t\t<\/div>\n\t\t\t\t<\/div>\n\t\t\t\t<\/div>\n\t\t\t\t\t<\/div>\n\t\t\t\t<\/div>\n\t\t\t\t<\/div>","protected":false},"excerpt":{"rendered":"<p>Erleben Sie Pride Amsterdam 2025 mit Haarlem City Tours vom Boot aus! Die Grachtenparade ist jedes Jahr der H\u00f6hepunkt von Pride Amsterdam, und auch dieses Jahr k\u00f6nnen Sie auf besondere Weise dabei sein \u2013 von einem komfortablen Bootsliegeplatz entlang der ber\u00fchmten Amstel! Haarlem City Tours bietet exklusive Anlegepl\u00e4tze an erstklassigen Standorten entlang der [\u2026]<\/p>","protected":false},"author":1,"featured_media":0,"parent":0,"menu_order":0,"comment_status":"closed","ping_status":"closed","template":"","meta":{"_acf_changed":false,"inline_featured_image":false,"site-sidebar-layout":"no-sidebar","site-content-layout":"page-builder","ast-site-content-layout":"full-width-container","site-content-style":"default","site-sidebar-style":"default","ast-global-header-display":"","ast-banner-title-visibility":"","ast-main-header-display":"","ast-hfb-above-header-display":"","ast-hfb-below-header-display":"","ast-hfb-mobile-header-display":"","site-post-title":"disabled","ast-breadcrumbs-content":"","ast-featured-img":"disabled","footer-sml-layout":"","ast-disable-related-posts":"","theme-transparent-header-meta":"default","adv-header-id-meta":"","stick-header-meta":"","header-above-stick-meta":"","header-main-stick-meta":"","header-below-stick-meta":"","astra-migrate-meta-layouts":"set","ast-page-background-enabled":"default","ast-page-background-meta":{"desktop":{"background-color":"var(--ast-global-color-4)","background-image":"","background-repeat":"repeat","background-position":"center center","background-size":"auto","background-attachment":"scroll","background-type":"","background-media":"","overlay-type":"","overlay-color":"","overlay-opacity":"","overlay-gradient":""},"tablet":{"background-color":"","background-image":"","background-repeat":"repeat","background-position":"center center","background-size":"auto","background-attachment":"scroll","background-type":"","background-media":"","overlay-type":"","overlay-color":"","overlay-opacity":"","overlay-gradient":""},"mobile":{"background-color":"","background-image":"","background-repeat":"repeat","background-position":"center center","background-size":"auto","background-attachment":"scroll","background-type":"","background-media":"","overlay-type":"","overlay-color":"","overlay-opacity":"","overlay-gradient":""}},"ast-content-background-meta":{"desktop":{"background-color":"var(--ast-global-color-5)","background-image":"","background-repeat":"repeat","background-position":"center center","background-size":"auto","background-attachment":"scroll","background-type":"","background-media":"","overlay-type":"","overlay-color":"","overlay-opacity":"","overlay-gradient":""},"tablet":{"background-color":"var(--ast-global-color-5)","background-image":"","background-repeat":"repeat","background-position":"center center","background-size":"auto","background-attachment":"scroll","background-type":"","background-media":"","overlay-type":"","overlay-color":"","overlay-opacity":"","overlay-gradient":""},"mobile":{"background-color":"var(--ast-global-color-5)","background-image":"","background-repeat":"repeat","background-position":"center center","background-size":"auto","background-attachment":"scroll","background-type":"","background-media":"","overlay-type":"","overlay-color":"","overlay-opacity":"","overlay-gradient":""}},"footnotes":""},"class_list":["post-2906","page","type-page","status-publish","hentry"],"acf":[],"_links":{"self":[{"href":"https:\/\/haarlemcitytours.nl\/de\/wp-json\/wp\/v2\/pages\/2906","targetHints":{"allow":["GET"]}}],"collection":[{"href":"https:\/\/haarlemcitytours.nl\/de\/wp-json\/wp\/v2\/pages"}],"about":[{"href":"https:\/\/haarlemcitytours.nl\/de\/wp-json\/wp\/v2\/types\/page"}],"author":[{"embeddable":true,"href":"https:\/\/haarlemcitytours.nl\/de\/wp-json\/wp\/v2\/users\/1"}],"replies":[{"embeddable":true,"href":"https:\/\/haarlemcitytours.nl\/de\/wp-json\/wp\/v2\/comments?post=2906"}],"version-history":[{"count":19,"href":"https:\/\/haarlemcitytours.nl\/de\/wp-json\/wp\/v2\/pages\/2906\/revisions"}],"predecessor-version":[{"id":3814,"href":"https:\/\/haarlemcitytours.nl\/de\/wp-json\/wp\/v2\/pages\/2906\/revisions\/3814"}],"wp:attachment":[{"href":"https:\/\/haarlemcitytours.nl\/de\/wp-json\/wp\/v2\/media?parent=2906"}],"curies":[{"name":"wp","href":"https:\/\/api.w.org\/{rel}","templated":true}]}}