{"id":2699,"date":"2024-08-27T18:42:49","date_gmt":"2024-08-27T18:42:49","guid":{"rendered":"https:\/\/haarlemcitytours.nl\/?page_id=2699"},"modified":"2025-01-06T05:15:25","modified_gmt":"2025-01-06T05:15:25","slug":"junggesellenabschied","status":"publish","type":"page","link":"https:\/\/haarlemcitytours.nl\/de\/junggesellenabschied\/","title":{"rendered":"Junggesellenabschied Kreuzfahrten in Haarlem"},"content":{"rendered":"<div data-elementor-type=\"wp-page\" data-elementor-id=\"2699\" class=\"elementor elementor-2699\" data-elementor-post-type=\"page\">\n\t\t\t\t<div class=\"elementor-element elementor-element-a8a160b e-flex e-con-boxed e-con e-parent\" data-id=\"a8a160b\" data-element_type=\"container\" data-settings=\"{&quot;background_background&quot;:&quot;classic&quot;}\">\n\t\t\t\t\t<div class=\"e-con-inner\">\n\t\t\t\t<div class=\"elementor-element elementor-element-ed69936 elementor-widget__width-initial elementor-widget elementor-widget-heading\" data-id=\"ed69936\" data-element_type=\"widget\" data-widget_type=\"heading.default\">\n\t\t\t\t<div class=\"elementor-widget-container\">\n\t\t\t\t\t<h1 class=\"elementor-heading-title elementor-size-default\">Junggesellenabschied Kreuzfahrten in Haarlem<\/h1>\t\t\t\t<\/div>\n\t\t\t\t<\/div>\n\t\t\t\t<div class=\"elementor-element elementor-element-af106a8 elementor-widget__width-initial elementor-widget elementor-widget-text-editor\" data-id=\"af106a8\" data-element_type=\"widget\" data-widget_type=\"text-editor.default\">\n\t\t\t\t<div class=\"elementor-widget-container\">\n\t\t\t\t\t\t\t\t\t<p>Suchen Sie nach einer einzigartigen M\u00f6glichkeit, Ihre letzten Tage in Freiheit zu feiern? Unsere Junggesellenabschiedskreuzfahrten in Haarlem bieten ein fantastisches Erlebnis, das den Charme historischer Kan\u00e4le mit der Aufregung einer individuellen Party verbindet. Egal, ob Sie von hier sind oder aus dem Ausland zu Besuch sind, unsere Kreuzfahrten bieten die perfekte Kulisse, um mit Ihren engsten Freunden bleibende Erinnerungen zu schaffen.<\/p>\t\t\t\t\t\t\t\t<\/div>\n\t\t\t\t<\/div>\n\t\t\t\t\t<\/div>\n\t\t\t\t<\/div>\n\t\t<div class=\"elementor-element elementor-element-879cec5 e-flex e-con-boxed e-con e-parent\" data-id=\"879cec5\" data-element_type=\"container\">\n\t\t\t\t\t<div class=\"e-con-inner\">\n\t\t<div class=\"elementor-element elementor-element-669de95 e-con-full e-flex e-con e-child\" data-id=\"669de95\" data-element_type=\"container\">\n\t\t\t\t<div class=\"elementor-element elementor-element-4d5c6d7 elementor-widget elementor-widget-heading\" data-id=\"4d5c6d7\" data-element_type=\"widget\" data-widget_type=\"heading.default\">\n\t\t\t\t<div class=\"elementor-widget-container\">\n\t\t\t\t\t<h2 class=\"elementor-heading-title elementor-size-default\">Was macht unsere Junggesellenabschied Kreuzfahrten einzigartig?<\/h2>\t\t\t\t<\/div>\n\t\t\t\t<\/div>\n\t\t\t\t<div class=\"elementor-element elementor-element-147bd01 elementor-widget elementor-widget-text-editor\" data-id=\"147bd01\" data-element_type=\"widget\" data-widget_type=\"text-editor.default\">\n\t\t\t\t<div class=\"elementor-widget-container\">\n\t\t\t\t\t\t\t\t\t<p>Unsere Junggesellenabschiedskreuzfahrten zeichnen sich durch ihre perfekte Mischung aus lokalem Flair und pers\u00f6nlicher Unterhaltung aus. Wir haben ein Erlebnis geschaffen, das \u00fcber den typischen Junggesellenabschied hinausgeht und ein anspruchsvolles und dennoch unterhaltsames Abenteuer durch eine der sch\u00f6nsten St\u00e4dte der Niederlande bietet. Unsere Kreuzfahrten sind so konzipiert, dass sie allen Geschm\u00e4ckern und Vorlieben gerecht werden und sicherstellen, dass jedes Mitglied Ihrer Gruppe die beste Zeit seines Lebens hat.<\/p><p>Eines unserer wichtigsten Unterscheidungsmerkmale ist unsere F\u00e4higkeit, Ihre Kreuzfahrt individuell zu gestalten. Von thematischen Dekorationen bis hin zu speziellen Catering-Optionen arbeiten wir eng mit Ihnen zusammen, um ein ma\u00dfgeschneidertes Erlebnis zu schaffen. Sie m\u00f6chten eine Craft-Beer-Verkostung an Bord? Oder vielleicht einen Live-Silent-DJ, der die Party am Laufen h\u00e4lt? Wir haben das Richtige f\u00fcr Sie. Unser Team ist bestrebt, Ihre Ideen f\u00fcr einen Junggesellenabschied in die Tat umzusetzen.<\/p><p>\u00a0<\/p>\t\t\t\t\t\t\t\t<\/div>\n\t\t\t\t<\/div>\n\t\t<div class=\"elementor-element elementor-element-70e9961 e-con-full e-flex e-con e-child\" data-id=\"70e9961\" data-element_type=\"container\">\n\t\t\t\t<div class=\"elementor-element elementor-element-f6469f5 elementor-widget elementor-widget-button\" data-id=\"f6469f5\" data-element_type=\"widget\" data-widget_type=\"button.default\">\n\t\t\t\t<div class=\"elementor-widget-container\">\n\t\t\t\t\t\t\t\t\t<div class=\"elementor-button-wrapper\">\n\t\t\t\t\t<a class=\"elementor-button elementor-button-link elementor-size-sm\" href=\"\/all-tours\/\">\n\t\t\t\t\t\t<span class=\"elementor-button-content-wrapper\">\n\t\t\t\t\t\t\t\t\t<span class=\"elementor-button-text\">Kreuzfahrten ansehen<\/span>\n\t\t\t\t\t<\/span>\n\t\t\t\t\t<\/a>\n\t\t\t\t<\/div>\n\t\t\t\t\t\t\t\t<\/div>\n\t\t\t\t<\/div>\n\t\t\t\t<div class=\"elementor-element elementor-element-d735a89 elementor-widget elementor-widget-button\" data-id=\"d735a89\" data-element_type=\"widget\" data-widget_type=\"button.default\">\n\t\t\t\t<div class=\"elementor-widget-container\">\n\t\t\t\t\t\t\t\t\t<div class=\"elementor-button-wrapper\">\n\t\t\t\t\t<a class=\"elementor-button elementor-button-link elementor-size-sm\" href=\"\/contact\/\">\n\t\t\t\t\t\t<span class=\"elementor-button-content-wrapper\">\n\t\t\t\t\t\t\t\t\t<span class=\"elementor-button-text\">Kontaktieren Sie uns<\/span>\n\t\t\t\t\t<\/span>\n\t\t\t\t\t<\/a>\n\t\t\t\t<\/div>\n\t\t\t\t\t\t\t\t<\/div>\n\t\t\t\t<\/div>\n\t\t\t\t<\/div>\n\t\t\t\t<\/div>\n\t\t<div class=\"elementor-element elementor-element-da08927 e-con-full e-flex e-con e-child\" data-id=\"da08927\" data-element_type=\"container\">\n\t\t\t\t<div class=\"elementor-element elementor-element-ab1d9f1 elementor-widget elementor-widget-image\" data-id=\"ab1d9f1\" data-element_type=\"widget\" data-widget_type=\"image.default\">\n\t\t\t\t<div class=\"elementor-widget-container\">\n\t\t\t\t\t\t\t\t\t\t\t\t\t\t\t<img fetchpriority=\"high\" decoding=\"async\" width=\"1024\" height=\"684\" src=\"https:\/\/haarlemcitytours.nl\/wp-content\/uploads\/2024\/03\/image00008-Large-1024x684.jpeg\" class=\"attachment-large size-large wp-image-2129\" alt=\"\" srcset=\"https:\/\/haarlemcitytours.nl\/wp-content\/uploads\/2024\/03\/image00008-Large-1024x684.jpeg 1024w, https:\/\/haarlemcitytours.nl\/wp-content\/uploads\/2024\/03\/image00008-Large-300x200.jpeg 300w, https:\/\/haarlemcitytours.nl\/wp-content\/uploads\/2024\/03\/image00008-Large-768x513.jpeg 768w, https:\/\/haarlemcitytours.nl\/wp-content\/uploads\/2024\/03\/image00008-Large.jpeg 1280w\" sizes=\"(max-width: 1024px) 100vw, 1024px\" title=\"\">\t\t\t\t\t\t\t\t\t\t\t\t\t\t\t<\/div>\n\t\t\t\t<\/div>\n\t\t\t\t<\/div>\n\t\t\t\t\t<\/div>\n\t\t\t\t<\/div>\n\t\t<div class=\"elementor-element elementor-element-d936245 e-flex e-con-boxed e-con e-parent\" data-id=\"d936245\" data-element_type=\"container\">\n\t\t\t\t\t<div class=\"e-con-inner\">\n\t\t<div class=\"elementor-element elementor-element-1cafb24 e-con-full e-flex e-con e-child\" data-id=\"1cafb24\" data-element_type=\"container\">\n\t\t\t\t<div class=\"elementor-element elementor-element-974d48c elementor-widget elementor-widget-image\" data-id=\"974d48c\" data-element_type=\"widget\" data-widget_type=\"image.default\">\n\t\t\t\t<div class=\"elementor-widget-container\">\n\t\t\t\t\t\t\t\t\t\t\t\t\t\t\t<img decoding=\"async\" width=\"768\" height=\"998\" src=\"https:\/\/haarlemcitytours.nl\/wp-content\/uploads\/2024\/08\/bohdan-stocek-vt0O0Av96R4-unsplash-768x998.jpg\" class=\"attachment-medium_large size-medium_large wp-image-2734\" alt=\"\" srcset=\"https:\/\/haarlemcitytours.nl\/wp-content\/uploads\/2024\/08\/bohdan-stocek-vt0O0Av96R4-unsplash-768x998.jpg 768w, https:\/\/haarlemcitytours.nl\/wp-content\/uploads\/2024\/08\/bohdan-stocek-vt0O0Av96R4-unsplash-231x300.jpg 231w, https:\/\/haarlemcitytours.nl\/wp-content\/uploads\/2024\/08\/bohdan-stocek-vt0O0Av96R4-unsplash-788x1024.jpg 788w, https:\/\/haarlemcitytours.nl\/wp-content\/uploads\/2024\/08\/bohdan-stocek-vt0O0Av96R4-unsplash-9x12.jpg 9w, https:\/\/haarlemcitytours.nl\/wp-content\/uploads\/2024\/08\/bohdan-stocek-vt0O0Av96R4-unsplash.jpg 986w\" sizes=\"(max-width: 768px) 100vw, 768px\" title=\"\">\t\t\t\t\t\t\t\t\t\t\t\t\t\t\t<\/div>\n\t\t\t\t<\/div>\n\t\t\t\t<\/div>\n\t\t<div class=\"elementor-element elementor-element-bfedacf e-con-full e-flex e-con e-child\" data-id=\"bfedacf\" data-element_type=\"container\">\n\t\t\t\t<div class=\"elementor-element elementor-element-1e9e72d elementor-widget elementor-widget-heading\" data-id=\"1e9e72d\" data-element_type=\"widget\" data-widget_type=\"heading.default\">\n\t\t\t\t<div class=\"elementor-widget-container\">\n\t\t\t\t\t<h2 class=\"elementor-heading-title elementor-size-default\">Warum sollten Sie Haarlem f\u00fcr Ihre Junggesellenabschiedskreuzfahrt w\u00e4hlen?<\/h2>\t\t\t\t<\/div>\n\t\t\t\t<\/div>\n\t\t\t\t<div class=\"elementor-element elementor-element-457775f elementor-widget elementor-widget-text-editor\" data-id=\"457775f\" data-element_type=\"widget\" data-widget_type=\"text-editor.default\">\n\t\t\t\t<div class=\"elementor-widget-container\">\n\t\t\t\t\t\t\t\t\t<p>Haarlems kompakte Gr\u00f6\u00dfe erm\u00f6glicht ein intimes Erlebnis, anders als in gr\u00f6\u00dferen St\u00e4dten, wo Sie sich in der Menge verloren f\u00fchlen k\u00f6nnten. Die reiche Geschichte der Stadt, die bis ins Mittelalter zur\u00fcckreicht, verleiht Ihrer Feier einen Hauch kultureller Raffinesse. W\u00e4hrend Sie durch die Kan\u00e4le fahren, sind Sie von jahrhundertealter Architektur umgeben, die Ihrer Feier eine einzigartige und unvergessliche Atmosph\u00e4re verleiht, die Sie anderswo einfach nicht finden k\u00f6nnen.<\/p><p>Dar\u00fcber hinaus bietet Haarlems lebendige lokale Kultur zahlreiche M\u00f6glichkeiten, Ihr Junggesellenabschiedserlebnis zu verbessern. Die Stadt ist f\u00fcr ihre florierende Craft-Beer-Szene bekannt, mit zahlreichen lokalen Brauereien, die einige der besten Biere der Niederlande produzieren. Wir k\u00f6nnen Bierverkostungen an Bord arrangieren, sodass Sie einige der besten Biere Haarlems probieren k\u00f6nnen, w\u00e4hrend Sie durch die wundersch\u00f6nen Wasserstra\u00dfen fahren.<\/p><p>Wir arbeiten auch eng mit 'de Bubbelbroeders' zusammen, die eine gro\u00dfartige Champagner-Kreuzfahrt.<\/p><ul><li>Malerische Kan\u00e4le mit historischer Bedeutung<\/li><li>N\u00e4he zu Amsterdam (nur 15 Minuten mit dem Zug)<\/li><li>Lebendige lokale Bierkultur mit zahlreichen Handwerksbrauereien oder Bubbelcruise mit Champagner.<\/li><li>Weniger \u00fcberlaufen als gro\u00dfe Touristenziele<\/li><li>Wundersch\u00f6ne Parks und Gr\u00fcnfl\u00e4chen f\u00fcr Aktivit\u00e4ten vor oder nach der Kreuzfahrt<\/li><li>Reichhaltiges kulinarisches Angebot mit Optionen f\u00fcr jeden Geschmack und jede Ern\u00e4hrungsanforderung<\/li><\/ul>\t\t\t\t\t\t\t\t<\/div>\n\t\t\t\t<\/div>\n\t\t\t\t<\/div>\n\t\t\t\t\t<\/div>\n\t\t\t\t<\/div>\n\t\t<div class=\"elementor-element elementor-element-59c1dbd e-flex e-con-boxed e-con e-parent\" data-id=\"59c1dbd\" data-element_type=\"container\">\n\t\t\t\t\t<div class=\"e-con-inner\">\n\t\t<div class=\"elementor-element elementor-element-786d2c9 e-con-full e-flex e-con e-child\" data-id=\"786d2c9\" data-element_type=\"container\">\n\t\t\t\t<div class=\"elementor-element elementor-element-376fea2 elementor-widget elementor-widget-heading\" data-id=\"376fea2\" data-element_type=\"widget\" data-widget_type=\"heading.default\">\n\t\t\t\t<div class=\"elementor-widget-container\">\n\t\t\t\t\t<h2 class=\"elementor-heading-title elementor-size-default\">Was ist in unseren Junggesellenabschied Paketen enthalten?<\/h2>\t\t\t\t<\/div>\n\t\t\t\t<\/div>\n\t\t\t\t<div class=\"elementor-element elementor-element-2c780ac elementor-widget elementor-widget-text-editor\" data-id=\"2c780ac\" data-element_type=\"widget\" data-widget_type=\"text-editor.default\">\n\t\t\t\t<div class=\"elementor-widget-container\">\n\t\t\t\t\t\t\t\t\t<p>Unsere Junggesellenabschiedspakete sind so konzipiert, dass sie ein umfassendes und stressfreies Erlebnis bieten. Wir wissen, dass die Planung eines Junggesellenabschieds stressig sein kann. Deshalb haben wir All-Inclusive-Optionen zusammengestellt, die auf verschiedene Vorlieben und Budgets zugeschnitten sind. Aber was genau erwartet Sie, wenn Sie bei uns buchen? Lassen Sie uns die spannenden Elemente unserer Junggesellenabschiedspakete aufschl\u00fcsseln.<\/p><p>\u00a0<\/p><p>Der Kern jedes Pakets ist unsere luxuri\u00f6se Bootsfahrt, die je nach gew\u00e4hlter Reiseroute normalerweise 2-3 Stunden dauert. Wir bieten eine Reihe von Schiffen an, von intimen Booten f\u00fcr kleinere Gruppen bis hin zu gr\u00f6\u00dferen Partybooten, die bis zu 30 G\u00e4ste aufnehmen k\u00f6nnen. Jedes Boot ist mit bequemen Sitzgelegenheiten und reichlich Platz f\u00fcr Aktivit\u00e4ten ausgestattet. Egal, ob Sie ein entspanntes Sightseeing-Erlebnis oder eine energiegeladene Party-Kreuzfahrt suchen, wir haben das perfekte Schiff f\u00fcr Ihre Bed\u00fcrfnisse.<\/p><p>\u00a0<\/p><p>Aber das Boot ist nur der Anfang. Unsere Pakete umfassen auch eine Auswahl an Speisen und Getr\u00e4nken, damit Ihre Gruppe w\u00e4hrend der gesamten Feier gest\u00e4rkt bleibt. Von Gourmet-Fingerfood bis hin zum kompletten Grillerlebnis. Und nat\u00fcrlich ist kein Junggesellenabschied ohne Getr\u00e4nke komplett \u2013 wir bieten eine Reihe von Getr\u00e4nkepaketen an, darunter lokale Biere, erlesene Weine und Premium-Spirituosen.<\/p><p>\u00a0<\/p><p>Unterhaltung ist ein weiterer wichtiger Aspekt unserer Pakete. Je nach Ihren W\u00fcnschen k\u00f6nnen wir unseren Silent DJ oder sogar thematisch abgestimmte K\u00fcnstler organisieren, damit die Party weitergeht.<\/p><p>\u00a0<\/p>\t\t\t\t\t\t\t\t<\/div>\n\t\t\t\t<\/div>\n\t\t\t\t<\/div>\n\t\t<div class=\"elementor-element elementor-element-5b55908 e-con-full e-flex e-con e-child\" data-id=\"5b55908\" data-element_type=\"container\">\n\t\t\t\t<div class=\"elementor-element elementor-element-593af45 elementor-widget elementor-widget-image\" data-id=\"593af45\" data-element_type=\"widget\" data-widget_type=\"image.default\">\n\t\t\t\t<div class=\"elementor-widget-container\">\n\t\t\t\t\t\t\t\t\t\t\t\t\t\t\t<img decoding=\"async\" width=\"684\" height=\"1024\" src=\"https:\/\/haarlemcitytours.nl\/wp-content\/uploads\/2024\/03\/image00007-2-Large-684x1024.jpeg\" class=\"attachment-large size-large wp-image-2128\" alt=\"\" srcset=\"https:\/\/haarlemcitytours.nl\/wp-content\/uploads\/2024\/03\/image00007-2-Large-684x1024.jpeg 684w, https:\/\/haarlemcitytours.nl\/wp-content\/uploads\/2024\/03\/image00007-2-Large-200x300.jpeg 200w, https:\/\/haarlemcitytours.nl\/wp-content\/uploads\/2024\/03\/image00007-2-Large-768x1150.jpeg 768w, https:\/\/haarlemcitytours.nl\/wp-content\/uploads\/2024\/03\/image00007-2-Large.jpeg 855w\" sizes=\"(max-width: 684px) 100vw, 684px\" title=\"\">\t\t\t\t\t\t\t\t\t\t\t\t\t\t\t<\/div>\n\t\t\t\t<\/div>\n\t\t\t\t<\/div>\n\t\t\t\t\t<\/div>\n\t\t\t\t<\/div>\n\t\t<div class=\"elementor-element elementor-element-b3ca6f4 e-flex e-con-boxed e-con e-parent\" data-id=\"b3ca6f4\" data-element_type=\"container\">\n\t\t\t\t\t<div class=\"e-con-inner\">\n\t\t<div class=\"elementor-element elementor-element-01345c5 e-con-full e-flex e-con e-child\" data-id=\"01345c5\" data-element_type=\"container\">\n\t\t\t\t<div class=\"elementor-element elementor-element-9cc2e0b elementor-widget elementor-widget-image\" data-id=\"9cc2e0b\" data-element_type=\"widget\" data-widget_type=\"image.default\">\n\t\t\t\t<div class=\"elementor-widget-container\">\n\t\t\t\t\t\t\t\t\t\t\t\t\t\t\t<img loading=\"lazy\" decoding=\"async\" width=\"683\" height=\"1024\" src=\"https:\/\/haarlemcitytours.nl\/wp-content\/uploads\/2024\/04\/BoattoursSpaarndam-6-683x1024.jpg\" class=\"attachment-large size-large wp-image-2231\" alt=\"\" srcset=\"https:\/\/haarlemcitytours.nl\/wp-content\/uploads\/2024\/04\/BoattoursSpaarndam-6-683x1024.jpg 683w, https:\/\/haarlemcitytours.nl\/wp-content\/uploads\/2024\/04\/BoattoursSpaarndam-6-200x300.jpg 200w, https:\/\/haarlemcitytours.nl\/wp-content\/uploads\/2024\/04\/BoattoursSpaarndam-6-768x1152.jpg 768w, https:\/\/haarlemcitytours.nl\/wp-content\/uploads\/2024\/04\/BoattoursSpaarndam-6-1024x1536.jpg 1024w, https:\/\/haarlemcitytours.nl\/wp-content\/uploads\/2024\/04\/BoattoursSpaarndam-6-1365x2048.jpg 1365w, https:\/\/haarlemcitytours.nl\/wp-content\/uploads\/2024\/04\/BoattoursSpaarndam-6-8x12.jpg 8w, https:\/\/haarlemcitytours.nl\/wp-content\/uploads\/2024\/04\/BoattoursSpaarndam-6-scaled.jpg 1707w\" sizes=\"(max-width: 683px) 100vw, 683px\" title=\"\">\t\t\t\t\t\t\t\t\t\t\t\t\t\t\t<\/div>\n\t\t\t\t<\/div>\n\t\t\t\t<\/div>\n\t\t<div class=\"elementor-element elementor-element-42a3383 e-con-full e-flex e-con e-child\" data-id=\"42a3383\" data-element_type=\"container\">\n\t\t\t\t<div class=\"elementor-element elementor-element-ea1d783 elementor-widget elementor-widget-heading\" data-id=\"ea1d783\" data-element_type=\"widget\" data-widget_type=\"heading.default\">\n\t\t\t\t<div class=\"elementor-widget-container\">\n\t\t\t\t\t<h2 class=\"elementor-heading-title elementor-size-default\">Wie garantieren wir einen unvergesslichen Junggesellenabschied?<\/h2>\t\t\t\t<\/div>\n\t\t\t\t<\/div>\n\t\t\t\t<div class=\"elementor-element elementor-element-c05a7ed elementor-widget elementor-widget-text-editor\" data-id=\"c05a7ed\" data-element_type=\"widget\" data-widget_type=\"text-editor.default\">\n\t\t\t\t<div class=\"elementor-widget-container\">\n\t\t\t\t\t\t\t\t\t<p>Unser Ansatz, unvergessliche Erlebnisse zu schaffen. Wir lernen Sie und den zuk\u00fcnftigen Br\u00e4utigam zun\u00e4chst kennen und erfahren mehr \u00fcber Ihre Vorlieben, Interessen und die Dynamik Ihrer Gruppe. Diese pers\u00f6nliche Note erm\u00f6glicht es uns, jeden Aspekt der Kreuzfahrt nach Ihren W\u00fcnschen zu gestalten, von der Route, die wir nehmen, \u00fcber die Aktivit\u00e4ten an Bord bis hin zur Playlist, die Ihre Reise begleitet.<\/p><p>Wir glauben auch, dass \u00dcberraschungen der Schl\u00fcssel zu einer unvergesslichen Feier sind. Mit Ihrem Input k\u00f6nnen wir w\u00e4hrend der gesamten Kreuzfahrt unerwartete Elemente arrangieren \u2013 vielleicht eine \u00dcberraschungsvorstellung, den Auftritt eines besonderen Gastes oder ein speziell f\u00fcr den zuk\u00fcnftigen Br\u00e4utigam konzipiertes Spiel. Diese einzigartigen Details sorgen f\u00fcr Momente der Freude und Aufregung, \u00fcber die noch lange nach dem Junggesellenabschied gesprochen wird.<\/p><p>Dar\u00fcber hinaus wissen wir, wie wichtig es ist, diese besonderen Momente festzuhalten. Deshalb bieten wir professionelle Foto- und Videodienste an, um den Moment festzuhalten. Unsere erfahrenen Fotografen wissen, wie sie die Energie und Emotionen Ihrer Feier einfangen und Ihnen hochwertige Erinnerungsst\u00fccke liefern, die Sie jahrelang sch\u00e4tzen werden.<\/p><p>\u00a0<\/p>\t\t\t\t\t\t\t\t<\/div>\n\t\t\t\t<\/div>\n\t\t\t\t<div class=\"elementor-element elementor-element-8cde9ed elementor-widget elementor-widget-button\" data-id=\"8cde9ed\" data-element_type=\"widget\" data-widget_type=\"button.default\">\n\t\t\t\t<div class=\"elementor-widget-container\">\n\t\t\t\t\t\t\t\t\t<div class=\"elementor-button-wrapper\">\n\t\t\t\t\t<a class=\"elementor-button elementor-button-link elementor-size-sm\" href=\"\/contact\/\">\n\t\t\t\t\t\t<span class=\"elementor-button-content-wrapper\">\n\t\t\t\t\t\t\t\t\t<span class=\"elementor-button-text\">Kontaktieren Sie uns<\/span>\n\t\t\t\t\t<\/span>\n\t\t\t\t\t<\/a>\n\t\t\t\t<\/div>\n\t\t\t\t\t\t\t\t<\/div>\n\t\t\t\t<\/div>\n\t\t\t\t<\/div>\n\t\t\t\t\t<\/div>\n\t\t\t\t<\/div>\n\t\t<div class=\"elementor-element elementor-element-9d25afa e-flex e-con-boxed e-con e-parent\" data-id=\"9d25afa\" data-element_type=\"container\">\n\t\t\t\t\t<div class=\"e-con-inner\">\n\t\t<div class=\"elementor-element elementor-element-2cf4f8b e-con-full e-flex e-con e-child\" data-id=\"2cf4f8b\" data-element_type=\"container\">\n\t\t\t\t<div class=\"elementor-element elementor-element-1d6e155 elementor-widget elementor-widget-heading\" data-id=\"1d6e155\" data-element_type=\"widget\" data-widget_type=\"heading.default\">\n\t\t\t\t<div class=\"elementor-widget-container\">\n\t\t\t\t\t<h2 class=\"elementor-heading-title elementor-size-default\">Bereit, Ihre Junggesellenabschied Kreuzfahrt zu planen?<\/h2>\t\t\t\t<\/div>\n\t\t\t\t<\/div>\n\t\t\t\t<div class=\"elementor-element elementor-element-1f79e6d elementor-widget elementor-widget-text-editor\" data-id=\"1f79e6d\" data-element_type=\"widget\" data-widget_type=\"text-editor.default\">\n\t\t\t\t<div class=\"elementor-widget-container\">\n\t\t\t\t\t\t\t\t\t<p>Nachdem Sie nun die einzigartigen Erlebnisse entdeckt haben, die unsere Junggesellenabschiedskreuzfahrten bieten, sind Sie bereit, mit der Planung der ultimativen Feier f\u00fcr den zuk\u00fcnftigen Br\u00e4utigam zu beginnen? Der erste Schritt zur Schaffung dieser unvergesslichen Erinnerungen ist einfacher, als Sie vielleicht denken. Lassen Sie uns den Prozess durchgehen, wie Sie Ihre Junggesellenabschiedstr\u00e4ume auf den wundersch\u00f6nen Kan\u00e4len von Haarlem zum Leben erwecken.<\/p><p>\u00a0<\/p><p>Um mit der Planung zu beginnen, wenden Sie sich einfach an unser Team. Wir f\u00fchren Sie durch unsere verf\u00fcgbaren Pakete, helfen Ihnen bei der individuellen Gestaltung Ihres Erlebnisses und beantworten alle Ihre Fragen. Sobald Sie Ihr Paket und Datum ausgew\u00e4hlt haben, arbeiten wir eng mit Ihnen zusammen, um jedes Detail zu optimieren. Von der Auswahl des perfekten Catering-Men\u00fcs bis hin zur Organisation besonderer \u00dcberraschungen f\u00fcr den Br\u00e4utigam k\u00fcmmert sich unser Team um die gesamte Logistik, sodass Sie sich ganz auf die Vorfreude auf den gro\u00dfen Tag konzentrieren k\u00f6nnen.<\/p><p>\u00a0<\/p><p>Denken Sie daran: Je fr\u00fcher Sie mit der Planung beginnen, desto mehr Optionen stehen Ihnen zur Verf\u00fcgung. Besonders in der Hochsaison im Sommer k\u00f6nnen beliebte Termine schnell ausgebucht sein. Sind Sie bereit, dem Br\u00e4utigam den Abschied zu bereiten, den er verdient? Kontaktieren Sie uns noch heute und lassen Sie uns gemeinsam eine Junggesellenabschiedskreuzfahrt durch die bezaubernden Kan\u00e4le von Haarlem planen!<\/p>\t\t\t\t\t\t\t\t<\/div>\n\t\t\t\t<\/div>\n\t\t\t\t<\/div>\n\t\t\t\t\t<\/div>\n\t\t\t\t<\/div>\n\t\t\t\t<\/div>","protected":false},"excerpt":{"rendered":"<p>Junggesellenabschiedskreuzfahrten in Haarlem Suchen Sie nach einer einzigartigen M\u00f6glichkeit, Ihre letzten Tage in Freiheit zu feiern? Unsere Bachelor-Party-Kreuzfahrten in Haarlem bieten ein fantastisches Erlebnis, das den Charme historischer Kan\u00e4le mit einer ma\u00dfgeschneiderten Party verbindet. Egal, ob Sie ein Einheimischer sind oder von einem anderen Ort kommen [\u2026]<\/p>","protected":false},"author":1,"featured_media":0,"parent":0,"menu_order":0,"comment_status":"closed","ping_status":"closed","template":"","meta":{"_acf_changed":false,"inline_featured_image":false,"site-sidebar-layout":"no-sidebar","site-content-layout":"page-builder","ast-site-content-layout":"full-width-container","site-content-style":"default","site-sidebar-style":"default","ast-global-header-display":"","ast-banner-title-visibility":"","ast-main-header-display":"","ast-hfb-above-header-display":"","ast-hfb-below-header-display":"","ast-hfb-mobile-header-display":"","site-post-title":"disabled","ast-breadcrumbs-content":"","ast-featured-img":"disabled","footer-sml-layout":"","ast-disable-related-posts":"","theme-transparent-header-meta":"default","adv-header-id-meta":"","stick-header-meta":"","header-above-stick-meta":"","header-main-stick-meta":"","header-below-stick-meta":"","astra-migrate-meta-layouts":"set","ast-page-background-enabled":"default","ast-page-background-meta":{"desktop":{"background-color":"var(--ast-global-color-4)","background-image":"","background-repeat":"repeat","background-position":"center center","background-size":"auto","background-attachment":"scroll","background-type":"","background-media":"","overlay-type":"","overlay-color":"","overlay-opacity":"","overlay-gradient":""},"tablet":{"background-color":"","background-image":"","background-repeat":"repeat","background-position":"center center","background-size":"auto","background-attachment":"scroll","background-type":"","background-media":"","overlay-type":"","overlay-color":"","overlay-opacity":"","overlay-gradient":""},"mobile":{"background-color":"","background-image":"","background-repeat":"repeat","background-position":"center center","background-size":"auto","background-attachment":"scroll","background-type":"","background-media":"","overlay-type":"","overlay-color":"","overlay-opacity":"","overlay-gradient":""}},"ast-content-background-meta":{"desktop":{"background-color":"var(--ast-global-color-5)","background-image":"","background-repeat":"repeat","background-position":"center center","background-size":"auto","background-attachment":"scroll","background-type":"","background-media":"","overlay-type":"","overlay-color":"","overlay-opacity":"","overlay-gradient":""},"tablet":{"background-color":"var(--ast-global-color-5)","background-image":"","background-repeat":"repeat","background-position":"center center","background-size":"auto","background-attachment":"scroll","background-type":"","background-media":"","overlay-type":"","overlay-color":"","overlay-opacity":"","overlay-gradient":""},"mobile":{"background-color":"var(--ast-global-color-5)","background-image":"","background-repeat":"repeat","background-position":"center center","background-size":"auto","background-attachment":"scroll","background-type":"","background-media":"","overlay-type":"","overlay-color":"","overlay-opacity":"","overlay-gradient":""}},"footnotes":""},"class_list":["post-2699","page","type-page","status-publish","hentry"],"acf":[],"_links":{"self":[{"href":"https:\/\/haarlemcitytours.nl\/de\/wp-json\/wp\/v2\/pages\/2699","targetHints":{"allow":["GET"]}}],"collection":[{"href":"https:\/\/haarlemcitytours.nl\/de\/wp-json\/wp\/v2\/pages"}],"about":[{"href":"https:\/\/haarlemcitytours.nl\/de\/wp-json\/wp\/v2\/types\/page"}],"author":[{"embeddable":true,"href":"https:\/\/haarlemcitytours.nl\/de\/wp-json\/wp\/v2\/users\/1"}],"replies":[{"embeddable":true,"href":"https:\/\/haarlemcitytours.nl\/de\/wp-json\/wp\/v2\/comments?post=2699"}],"version-history":[{"count":25,"href":"https:\/\/haarlemcitytours.nl\/de\/wp-json\/wp\/v2\/pages\/2699\/revisions"}],"predecessor-version":[{"id":2996,"href":"https:\/\/haarlemcitytours.nl\/de\/wp-json\/wp\/v2\/pages\/2699\/revisions\/2996"}],"wp:attachment":[{"href":"https:\/\/haarlemcitytours.nl\/de\/wp-json\/wp\/v2\/media?parent=2699"}],"curies":[{"name":"wp","href":"https:\/\/api.w.org\/{rel}","templated":true}]}}