{"id":2013,"date":"2024-02-15T10:52:30","date_gmt":"2024-02-15T10:52:30","guid":{"rendered":"https:\/\/haarlemcitytours.nl\/?page_id=2013"},"modified":"2025-02-04T07:52:16","modified_gmt":"2025-02-04T07:52:16","slug":"flotte","status":"publish","type":"page","link":"https:\/\/haarlemcitytours.nl\/de\/flotte\/","title":{"rendered":"Flotte"},"content":{"rendered":"<div data-elementor-type=\"wp-page\" data-elementor-id=\"2013\" class=\"elementor elementor-2013\" data-elementor-post-type=\"page\">\n\t\t\t\t<div class=\"elementor-element elementor-element-295a6bf3 e-flex e-con-boxed e-con e-parent\" data-id=\"295a6bf3\" data-element_type=\"container\" data-settings=\"{&quot;background_background&quot;:&quot;classic&quot;}\">\n\t\t\t\t\t<div class=\"e-con-inner\">\n\t\t\t\t<div class=\"elementor-element elementor-element-37e98040 elementor-widget elementor-widget-heading\" data-id=\"37e98040\" data-element_type=\"widget\" data-widget_type=\"heading.default\">\n\t\t\t\t<div class=\"elementor-widget-container\">\n\t\t\t\t\t<h2 class=\"elementor-heading-title elementor-size-default\">Unsere Flotte<\/h2>\t\t\t\t<\/div>\n\t\t\t\t<\/div>\n\t\t\t\t<div class=\"elementor-element elementor-element-5f074184 elementor-widget__width-initial elementor-widget elementor-widget-text-editor\" data-id=\"5f074184\" data-element_type=\"widget\" data-widget_type=\"text-editor.default\">\n\t\t\t\t<div class=\"elementor-widget-container\">\n\t\t\t\t\t\t\t\t\t<p style=\"text-align: left;\">Sehen Sie sich unsere st\u00e4ndig wachsende Flotte an, die unseren hohen Qualit\u00e4ts- und Sicherheitsstandards entspricht.<\/p>\t\t\t\t\t\t\t\t<\/div>\n\t\t\t\t<\/div>\n\t\t\t\t\t<\/div>\n\t\t\t\t<\/div>\n\t\t<div class=\"elementor-element elementor-element-4c4928d0 e-flex e-con-boxed e-con e-parent\" data-id=\"4c4928d0\" data-element_type=\"container\">\n\t\t\t\t\t<div class=\"e-con-inner\">\n\t\t\t\t<div class=\"elementor-element elementor-element-4160b47 elementor-grid-3 elementor-grid-tablet-2 elementor-grid-mobile-1 elementor-posts--thumbnail-top elementor-card-shadow-yes elementor-posts__hover-gradient elementor-widget elementor-widget-posts\" data-id=\"4160b47\" data-element_type=\"widget\" data-settings=\"{&quot;cards_columns&quot;:&quot;3&quot;,&quot;cards_columns_tablet&quot;:&quot;2&quot;,&quot;cards_columns_mobile&quot;:&quot;1&quot;,&quot;cards_row_gap&quot;:{&quot;unit&quot;:&quot;px&quot;,&quot;size&quot;:35,&quot;sizes&quot;:[]},&quot;cards_row_gap_tablet&quot;:{&quot;unit&quot;:&quot;px&quot;,&quot;size&quot;:&quot;&quot;,&quot;sizes&quot;:[]},&quot;cards_row_gap_mobile&quot;:{&quot;unit&quot;:&quot;px&quot;,&quot;size&quot;:&quot;&quot;,&quot;sizes&quot;:[]}}\" data-widget_type=\"posts.cards\">\n\t\t\t\t<div class=\"elementor-widget-container\">\n\t\t\t\t\t\t\t<div class=\"elementor-posts-container elementor-posts elementor-posts--skin-cards elementor-grid\" role=\"list\">\n\t\t\t\t<article class=\"elementor-post elementor-grid-item post-2048 boat type-boat status-publish has-post-thumbnail hentry\" role=\"listitem\">\n\t\t\t<div class=\"elementor-post__card\">\n\t\t\t\t<a class=\"elementor-post__thumbnail__link\" href=\"https:\/\/haarlemcitytours.nl\/de\/boot\/grunkohl-kano\/\" tabindex=\"-1\" ><div class=\"elementor-post__thumbnail\"><img fetchpriority=\"high\" decoding=\"async\" width=\"1024\" height=\"683\" src=\"https:\/\/haarlemcitytours.nl\/wp-content\/uploads\/2024\/02\/Kale-Kano-Boat-30-people-1024x683.jpeg\" class=\"attachment-large size-large wp-image-2054\" alt=\"\" srcset=\"https:\/\/haarlemcitytours.nl\/wp-content\/uploads\/2024\/02\/Kale-Kano-Boat-30-people-1024x683.jpeg 1024w, https:\/\/haarlemcitytours.nl\/wp-content\/uploads\/2024\/02\/Kale-Kano-Boat-30-people-300x200.jpeg 300w, https:\/\/haarlemcitytours.nl\/wp-content\/uploads\/2024\/02\/Kale-Kano-Boat-30-people-768x512.jpeg 768w, https:\/\/haarlemcitytours.nl\/wp-content\/uploads\/2024\/02\/Kale-Kano-Boat-30-people.jpeg 1200w\" sizes=\"(max-width: 1024px) 100vw, 1024px\" title=\"\"><\/div><\/a>\n\t\t\t\t<div class=\"elementor-post__text\">\n\t\t\t\t<h3 class=\"elementor-post__title\">\n\t\t\t<a href=\"https:\/\/haarlemcitytours.nl\/de\/boot\/grunkohl-kano\/\" >\n\t\t\t\tKale Kano\t\t\t<\/a>\n\t\t<\/h3>\n\t\t\t\t<div class=\"elementor-post__excerpt\">\n\t\t\t<p>Entdecken Sie De Kale Kano: ein \u00fcber 100 Jahre altes Schiff, das in ein modernes, vollelektrisches \u00fcberdachtes Salonboot mit einem Hauch von Luxus an Bord umgewandelt wurde.<\/p>\n\t\t<\/div>\n\t\t\t\t<\/div>\n\t\t\t\t\t<\/div>\n\t\t<\/article>\n\t\t\t\t<article class=\"elementor-post elementor-grid-item post-2049 boat type-boat status-publish has-post-thumbnail hentry\" role=\"listitem\">\n\t\t\t<div class=\"elementor-post__card\">\n\t\t\t\t<a class=\"elementor-post__thumbnail__link\" href=\"https:\/\/haarlemcitytours.nl\/de\/boot\/boezem\/\" tabindex=\"-1\" ><div class=\"elementor-post__thumbnail\"><img decoding=\"async\" width=\"1024\" height=\"683\" src=\"https:\/\/haarlemcitytours.nl\/wp-content\/uploads\/2024\/02\/Boezem-boat-45-people-1024x683.jpeg\" class=\"attachment-large size-large wp-image-2053\" alt=\"\" srcset=\"https:\/\/haarlemcitytours.nl\/wp-content\/uploads\/2024\/02\/Boezem-boat-45-people-1024x683.jpeg 1024w, https:\/\/haarlemcitytours.nl\/wp-content\/uploads\/2024\/02\/Boezem-boat-45-people-300x200.jpeg 300w, https:\/\/haarlemcitytours.nl\/wp-content\/uploads\/2024\/02\/Boezem-boat-45-people-768x512.jpeg 768w, https:\/\/haarlemcitytours.nl\/wp-content\/uploads\/2024\/02\/Boezem-boat-45-people.jpeg 1200w\" sizes=\"(max-width: 1024px) 100vw, 1024px\" title=\"\"><\/div><\/a>\n\t\t\t\t<div class=\"elementor-post__text\">\n\t\t\t\t<h3 class=\"elementor-post__title\">\n\t\t\t<a href=\"https:\/\/haarlemcitytours.nl\/de\/boot\/boezem\/\" >\n\t\t\t\tBoezem\t\t\t<\/a>\n\t\t<\/h3>\n\t\t\t\t<div class=\"elementor-post__excerpt\">\n\t\t\t<p>Entdecken Sie De Boezem, einst ein Rettungsboot auf einem gro\u00dfen Frachtschiff oder Kreuzfahrtschiff, das jetzt wie ein Juwel in unserer Flotte gl\u00e4nzt! Dieses Boot verf\u00fcgt \u00fcber einzigartige Eigenschaften<\/p>\n\t\t<\/div>\n\t\t\t\t<\/div>\n\t\t\t\t\t<\/div>\n\t\t<\/article>\n\t\t\t\t<article class=\"elementor-post elementor-grid-item post-2050 boat type-boat status-publish has-post-thumbnail hentry\" role=\"listitem\">\n\t\t\t<div class=\"elementor-post__card\">\n\t\t\t\t<a class=\"elementor-post__thumbnail__link\" href=\"https:\/\/haarlemcitytours.nl\/de\/boot\/dikbil\/\" tabindex=\"-1\" ><div class=\"elementor-post__thumbnail\"><img decoding=\"async\" width=\"1024\" height=\"683\" src=\"https:\/\/haarlemcitytours.nl\/wp-content\/uploads\/2024\/02\/Dikbil-boat-70-people-1024x683.jpeg\" class=\"attachment-large size-large wp-image-2052\" alt=\"\" srcset=\"https:\/\/haarlemcitytours.nl\/wp-content\/uploads\/2024\/02\/Dikbil-boat-70-people-1024x683.jpeg 1024w, https:\/\/haarlemcitytours.nl\/wp-content\/uploads\/2024\/02\/Dikbil-boat-70-people-300x200.jpeg 300w, https:\/\/haarlemcitytours.nl\/wp-content\/uploads\/2024\/02\/Dikbil-boat-70-people-768x512.jpeg 768w, https:\/\/haarlemcitytours.nl\/wp-content\/uploads\/2024\/02\/Dikbil-boat-70-people.jpeg 1200w\" sizes=\"(max-width: 1024px) 100vw, 1024px\" title=\"\"><\/div><\/a>\n\t\t\t\t<div class=\"elementor-post__text\">\n\t\t\t\t<h3 class=\"elementor-post__title\">\n\t\t\t<a href=\"https:\/\/haarlemcitytours.nl\/de\/boot\/dikbil\/\" >\n\t\t\t\tDikbil\t\t\t<\/a>\n\t\t<\/h3>\n\t\t\t\t<div class=\"elementor-post__excerpt\">\n\t\t\t<p>Lernen Sie die Dikbil kennen, eine ger\u00e4umige offene Schaluppe mit Platz f\u00fcr 70 stehende Personen und bequemen Sitzgelegenheiten f\u00fcr 40 Personen auf den B\u00e4nken auf dem Vordeck<\/p>\n\t\t<\/div>\n\t\t\t\t<\/div>\n\t\t\t\t\t<\/div>\n\t\t<\/article>\n\t\t\t\t<article class=\"elementor-post elementor-grid-item post-2060 boat type-boat status-publish has-post-thumbnail hentry\" role=\"listitem\">\n\t\t\t<div class=\"elementor-post__card\">\n\t\t\t\t<a class=\"elementor-post__thumbnail__link\" href=\"https:\/\/haarlemcitytours.nl\/de\/boot\/prinzenboot\/\" tabindex=\"-1\" ><div class=\"elementor-post__thumbnail\"><img loading=\"lazy\" decoding=\"async\" width=\"1024\" height=\"576\" src=\"https:\/\/haarlemcitytours.nl\/wp-content\/uploads\/2024\/02\/Pinsessenboot-8-people-1024x576.jpg\" class=\"attachment-large size-large wp-image-2061\" alt=\"\" srcset=\"https:\/\/haarlemcitytours.nl\/wp-content\/uploads\/2024\/02\/Pinsessenboot-8-people-1024x576.jpg 1024w, https:\/\/haarlemcitytours.nl\/wp-content\/uploads\/2024\/02\/Pinsessenboot-8-people-300x169.jpg 300w, https:\/\/haarlemcitytours.nl\/wp-content\/uploads\/2024\/02\/Pinsessenboot-8-people-768x432.jpg 768w, https:\/\/haarlemcitytours.nl\/wp-content\/uploads\/2024\/02\/Pinsessenboot-8-people.jpg 1200w\" sizes=\"(max-width: 1024px) 100vw, 1024px\" title=\"\"><\/div><\/a>\n\t\t\t\t<div class=\"elementor-post__text\">\n\t\t\t\t<h3 class=\"elementor-post__title\">\n\t\t\t<a href=\"https:\/\/haarlemcitytours.nl\/de\/boot\/prinzenboot\/\" >\n\t\t\t\tPrinsenboot\t\t\t<\/a>\n\t\t<\/h3>\n\t\t\t\t<div class=\"elementor-post__excerpt\">\n\t\t\t<p>Das Prinsenboot ist ein \u00fcber 100 Jahre altes Schiff, das einst als Arbeitsschiff f\u00fcr den Transport verschiedener Materialien durch die Niederlande diente. Jetzt ist<\/p>\n\t\t<\/div>\n\t\t\t\t<\/div>\n\t\t\t\t\t<\/div>\n\t\t<\/article>\n\t\t\t\t<\/div>\n\t\t\n\t\t\t\t\t\t<\/div>\n\t\t\t\t<\/div>\n\t\t\t\t\t<\/div>\n\t\t\t\t<\/div>\n\t\t\t\t<\/div>","protected":false},"excerpt":{"rendered":"<p>Unsere Flotte Sehen Sie sich unsere st\u00e4ndig wachsende Flotte an, die unseren hohen Qualit\u00e4ts- und Sicherheitsstandards entspricht.<\/p>","protected":false},"author":1,"featured_media":0,"parent":0,"menu_order":0,"comment_status":"closed","ping_status":"closed","template":"","meta":{"_acf_changed":false,"inline_featured_image":false,"site-sidebar-layout":"no-sidebar","site-content-layout":"page-builder","ast-site-content-layout":"full-width-container","site-content-style":"default","site-sidebar-style":"default","ast-global-header-display":"","ast-banner-title-visibility":"","ast-main-header-display":"","ast-hfb-above-header-display":"","ast-hfb-below-header-display":"","ast-hfb-mobile-header-display":"","site-post-title":"disabled","ast-breadcrumbs-content":"","ast-featured-img":"disabled","footer-sml-layout":"","ast-disable-related-posts":"","theme-transparent-header-meta":"default","adv-header-id-meta":"","stick-header-meta":"","header-above-stick-meta":"","header-main-stick-meta":"","header-below-stick-meta":"","astra-migrate-meta-layouts":"set","ast-page-background-enabled":"default","ast-page-background-meta":{"desktop":{"background-color":"var(--ast-global-color-4)","background-image":"","background-repeat":"repeat","background-position":"center center","background-size":"auto","background-attachment":"scroll","background-type":"","background-media":"","overlay-type":"","overlay-color":"","overlay-opacity":"","overlay-gradient":""},"tablet":{"background-color":"","background-image":"","background-repeat":"repeat","background-position":"center center","background-size":"auto","background-attachment":"scroll","background-type":"","background-media":"","overlay-type":"","overlay-color":"","overlay-opacity":"","overlay-gradient":""},"mobile":{"background-color":"","background-image":"","background-repeat":"repeat","background-position":"center center","background-size":"auto","background-attachment":"scroll","background-type":"","background-media":"","overlay-type":"","overlay-color":"","overlay-opacity":"","overlay-gradient":""}},"ast-content-background-meta":{"desktop":{"background-color":"var(--ast-global-color-5)","background-image":"","background-repeat":"repeat","background-position":"center center","background-size":"auto","background-attachment":"scroll","background-type":"","background-media":"","overlay-type":"","overlay-color":"","overlay-opacity":"","overlay-gradient":""},"tablet":{"background-color":"var(--ast-global-color-5)","background-image":"","background-repeat":"repeat","background-position":"center center","background-size":"auto","background-attachment":"scroll","background-type":"","background-media":"","overlay-type":"","overlay-color":"","overlay-opacity":"","overlay-gradient":""},"mobile":{"background-color":"var(--ast-global-color-5)","background-image":"","background-repeat":"repeat","background-position":"center center","background-size":"auto","background-attachment":"scroll","background-type":"","background-media":"","overlay-type":"","overlay-color":"","overlay-opacity":"","overlay-gradient":""}},"footnotes":""},"class_list":["post-2013","page","type-page","status-publish","hentry"],"acf":[],"_links":{"self":[{"href":"https:\/\/haarlemcitytours.nl\/de\/wp-json\/wp\/v2\/pages\/2013","targetHints":{"allow":["GET"]}}],"collection":[{"href":"https:\/\/haarlemcitytours.nl\/de\/wp-json\/wp\/v2\/pages"}],"about":[{"href":"https:\/\/haarlemcitytours.nl\/de\/wp-json\/wp\/v2\/types\/page"}],"author":[{"embeddable":true,"href":"https:\/\/haarlemcitytours.nl\/de\/wp-json\/wp\/v2\/users\/1"}],"replies":[{"embeddable":true,"href":"https:\/\/haarlemcitytours.nl\/de\/wp-json\/wp\/v2\/comments?post=2013"}],"version-history":[{"count":32,"href":"https:\/\/haarlemcitytours.nl\/de\/wp-json\/wp\/v2\/pages\/2013\/revisions"}],"predecessor-version":[{"id":3175,"href":"https:\/\/haarlemcitytours.nl\/de\/wp-json\/wp\/v2\/pages\/2013\/revisions\/3175"}],"wp:attachment":[{"href":"https:\/\/haarlemcitytours.nl\/de\/wp-json\/wp\/v2\/media?parent=2013"}],"curies":[{"name":"wp","href":"https:\/\/api.w.org\/{rel}","templated":true}]}}